{"id":987,"date":"2021-06-03T21:31:31","date_gmt":"2021-06-03T21:31:31","guid":{"rendered":"http:\/\/www.davidsandgoliath.cz\/?page_id=987"},"modified":"2021-06-11T20:20:01","modified_gmt":"2021-06-11T20:20:01","slug":"unterstutzer","status":"publish","type":"page","link":"https:\/\/www.davidsandgoliath.cz\/index.php\/de\/unterstutzer\/","title":{"rendered":"Unterst\u00fctzer"},"content":{"rendered":"\n<p class=\"has-white-color has-white-background-color has-text-color has-background\" id=\"block-5cb12f42-4f20-4868-8ad3-60733b4d6845\"><\/p>\n\n\n\n<h2 class=\"has-text-align-center\"><strong>Vielen Dank an alle, die das Projekt unterst\u00fctzt haben!<\/strong><\/h2>\n\n\n\n<h3 class=\"has-text-align-center\">Danke, dass Sie nicht gleichg\u00fcltig bleiben.Dies wird helfen, die Dinge zum Besseren zu wenden.<\/h3>\n\n\n\n<p class=\"has-white-color has-text-color\">     lidska prava v cine<\/p>\n\n\n\n<h2 class=\"has-text-align-left\"><strong>David Kilgour<\/strong><\/h2>\n\n\n\n<div class=\"wp-block-image is-style-default\"><figure class=\"alignleft size-large is-resized\"><img loading=\"lazy\" src=\"https:\/\/www.davidsandgoliath.cz\/wp-content\/uploads\/2021\/03\/David-Kilgour-podporil-komiks-o-vysetrovani-v-cine.jpg\" alt=\"\" class=\"wp-image-345\" width=\"213\" height=\"219\"\/><\/figure><\/div>\n\n\n\n<p class=\"has-medium-font-size\">\u201eDanke an alle Beteiligten. Danke f\u00fcr alles, was Sie f\u00fcr die menschliche W\u00fcrde tun.\u201c &#8211; <a href=\"http:\/\/david-kilgour.com\/\">David Kilgour<\/a>, ehemaliger kanadischer Au\u00dfenminister.<br><\/p>\n\n\n\n<p><\/p>\n\n\n\n<p class=\"has-white-color has-text-color\">Lidsk\u00e1 pr\u00e1va v \u010c\u00edn\u011b<\/p>\n\n\n\n<h2 class=\"has-text-align-right\"><strong>Ethan Gutmann<\/strong><\/h2>\n\n\n\n<div class=\"wp-block-image is-style-default\"><figure class=\"alignright size-large is-resized\"><img loading=\"lazy\" src=\"https:\/\/www.davidsandgoliath.cz\/wp-content\/uploads\/2021\/03\/Ethan-Gutmann-podporil-komiks-o-vysetrovani-v-cine.jpg\" alt=\"\" class=\"wp-image-348\" width=\"214\" height=\"265\" srcset=\"https:\/\/www.davidsandgoliath.cz\/wp-content\/uploads\/2021\/03\/Ethan-Gutmann-podporil-komiks-o-vysetrovani-v-cine.jpg 323w, https:\/\/www.davidsandgoliath.cz\/wp-content\/uploads\/2021\/03\/Ethan-Gutmann-podporil-komiks-o-vysetrovani-v-cine-243x300.jpg 243w\" sizes=\"(max-width: 214px) 100vw, 214px\" \/><\/figure><\/div>\n\n\n\n<p class=\"has-medium-font-size\">\u201eEin neues Menschenrechts-Comicbuch von unseren Freunden in Prag. Und sie brauchen Geld, um mehr Bilder von mir zu machenJ, also spendet bitte gro\u00dfz\u00fcgig! Nun kann ich in Ruhe sterben.\u201c &#8211; <a href=\"https:\/\/www.facebook.com\/ethan.gutmann\/posts\/10159387026113179\">Ethan Gutmann<\/a>, amerikanischer Journalist und Schriftsteller.<\/p>\n\n\n\n<h2><strong>Yumei Liu<\/strong><\/h2>\n\n\n\n<div class=\"wp-block-image is-style-default\"><figure class=\"alignleft size-large is-resized\"><img loading=\"lazy\" src=\"https:\/\/www.davidsandgoliath.cz\/wp-content\/uploads\/2021\/03\/byvala-politicka-vezenkyne-z-ciny-podporila-ceskou-komiksovou-knihu.jpg\" alt=\"\" class=\"wp-image-452\" width=\"213\" height=\"310\" srcset=\"https:\/\/www.davidsandgoliath.cz\/wp-content\/uploads\/2021\/03\/byvala-politicka-vezenkyne-z-ciny-podporila-ceskou-komiksovou-knihu.jpg 343w, https:\/\/www.davidsandgoliath.cz\/wp-content\/uploads\/2021\/03\/byvala-politicka-vezenkyne-z-ciny-podporila-ceskou-komiksovou-knihu-206x300.jpg 206w\" sizes=\"(max-width: 213px) 100vw, 213px\" \/><\/figure><\/div>\n\n\n\n<p class=\"has-medium-font-size\"><strong>Das Comicbuch-Projekt wurde von einem ehemaligen Gewissensgefangenen unterst\u00fctzt. Y<\/strong>umei Liu, aus der chinesischen Provinz Liaoning, ist ein direktes Opfer der Verfolgung durch das chinesische Regime. Heute lebt sie im Asyl in Finnland. In China wurde sie im Rahmen einer sogenannten \u201eUmerziehung\u201c durch die Kommunistische Partei neunmal verhaftet und gefoltert. Ihr Vater, ihre Mutter und ihre j\u00fcngere Schwester starben an den Folgen der Unterdr\u00fcckung. <em><a href=\"https:\/\/www.epochtimes.cz\/2021\/03\/01\/former-prisoner-of-conscience-from-china-supports-comic-book-project\/\">Mehr&#8230;<\/a><\/em><\/p>\n\n\n\n<h2 class=\"has-text-align-right\"><strong>Jan \u010ci\u017einsk\u00fd<\/strong><\/h2>\n\n\n\n<div class=\"wp-block-image is-style-default\"><figure class=\"alignright size-large is-resized\"><img loading=\"lazy\" src=\"https:\/\/www.davidsandgoliath.cz\/wp-content\/uploads\/2021\/03\/Starosta_p7_jan_cizinsky-podporil-komiks-o-vysetrovani-v-cine.jpg\" alt=\"\" class=\"wp-image-311\" width=\"213\" height=\"299\" srcset=\"https:\/\/www.davidsandgoliath.cz\/wp-content\/uploads\/2021\/03\/Starosta_p7_jan_cizinsky-podporil-komiks-o-vysetrovani-v-cine.jpg 225w, https:\/\/www.davidsandgoliath.cz\/wp-content\/uploads\/2021\/03\/Starosta_p7_jan_cizinsky-podporil-komiks-o-vysetrovani-v-cine-214x300.jpg 214w\" sizes=\"(max-width: 213px) 100vw, 213px\" \/><\/figure><\/div>\n\n\n\n<p class=\"has-medium-font-size\">\u201eWir sind mit einem schrecklichen Verbrechen konfrontiert, \u00fcber das eines Tages genauso berichtet werden wird wie \u00fcber die Gr\u00e4ueltaten des Nationalsozialismus oder die Gr\u00e4ueltaten des sogenannten Islamischen Staates. Was k\u00f6nnen wir dagegen tun? Vielleicht dieses Projekt unterst\u00fctzen.\u201c &#8211; <a href=\"https:\/\/www.facebook.com\/jenda.cizinsky\">Jan \u010ci\u017einsk\u00fd<\/a>, B\u00fcrgermeister von Prag 7.<\/p>\n\n\n\n<p>     <\/p>\n\n\n\n<p>    <\/p>\n\n\n\n<p>      <\/p>\n\n\n\n<p class=\"has-medium-font-size\">   <\/p>\n\n\n\n<p class=\"has-white-color has-text-color\">lidska prava v cine<\/p>\n\n\n\n<h2><strong>Jitka Hospr<\/strong><\/h2>\n\n\n\n<div class=\"wp-block-image is-style-default\"><figure class=\"alignleft size-large is-resized\"><img loading=\"lazy\" src=\"https:\/\/www.davidsandgoliath.cz\/wp-content\/uploads\/2021\/03\/virtuoska-jitka-hosprova-podporila-komiks-o-vysetrovani-v-cine.jpg\" alt=\"\" class=\"wp-image-318\" width=\"213\" height=\"317\" srcset=\"https:\/\/www.davidsandgoliath.cz\/wp-content\/uploads\/2021\/03\/virtuoska-jitka-hosprova-podporila-komiks-o-vysetrovani-v-cine.jpg 558w, https:\/\/www.davidsandgoliath.cz\/wp-content\/uploads\/2021\/03\/virtuoska-jitka-hosprova-podporila-komiks-o-vysetrovani-v-cine-201x300.jpg 201w\" sizes=\"(max-width: 213px) 100vw, 213px\" \/><\/figure><\/div>\n\n\n\n<p class=\"has-medium-font-size\">\u201eWie Sie wissen, haben wir gemeinsam bereits 2011 und 2014 in Prag Konzerte f\u00fcr die Menschenrechte in China gegeben. Damals nannte ich unser Bem\u00fchen, Informationen zu verbreiten, eine Analogie zu David und Goliath. Ich freue mich, dass sich diese Idee zu einer sehr interessanten illustrativenGestalt entwickelt hat. Ich denke, dass das Thema heute, wo die ganze Welt gegen eine Pandemie k\u00e4mpft, f\u00fcr die China sich weigert, Verantwortung zu \u00fcbernehmen, mehr als aktuell ist.\u201c &#8211; <a href=\"https:\/\/www.facebook.com\/jitkahosprova\/posts\/158637909415526\">Jitka Hosprov\u00e1<\/a>, eine f\u00fchrende tschechische Bratschistin.<\/p>\n\n\n\n<p>   <\/p>\n\n\n\n<p>   <\/p>\n\n\n\n<p class=\"has-medium-font-size\">  <\/p>\n\n\n\n<p class=\"has-white-color has-text-color\">    kkkk<\/p>\n\n\n\n<h2 class=\"has-text-align-right\"><strong>Pavel \u0160afr<\/strong><\/h2>\n\n\n\n<div class=\"wp-block-image is-style-default\"><figure class=\"alignright size-large is-resized\"><img loading=\"lazy\" src=\"https:\/\/www.davidsandgoliath.cz\/wp-content\/uploads\/2021\/03\/Pavel-Safr-podporil-komiks-o-vysetrovani-v-cine.jpg\" alt=\"\" class=\"wp-image-327\" width=\"214\" height=\"245\"\/><\/figure><\/div>\n\n\n\n<p class=\"has-medium-font-size\">\u201eIch unterst\u00fctze dieses Projekt. Dieses Comicbuch soll die Bem\u00fchungen einer interessanten Gruppe freigeistiger Aktivisten um die Freiheit der Chinesen unterst\u00fctzen. Es sind Menschen, die gegen das chinesische totalit\u00e4re Regime k\u00e4mpfen. Sie sind zum Teil chinesische Emigranten und zum Teil Freunde der chinesischen Kultur. Sie decken die Verbrechen der kommunistischen Regierung in Peking auf. Deshalb feuere ich sie an.\u201c &#8211; <a href=\"https:\/\/www.facebook.com\/pavel.safr1\/posts\/10221682769610030\">Pavel \u0160afr<\/a>, langj\u00e4hriger Redakteur von Zeitungs- und Magazintiteln.<\/p>\n\n\n\n<p>    <\/p>\n\n\n\n<p>   <\/p>\n\n\n\n<p>   <\/p>\n\n\n\n<p class=\"has-white-color has-text-color\">Lidsk\u00e1 pr\u00e1va v \u010c\u00edn\u011b<\/p>\n\n\n\n<p class=\"has-white-color has-text-color\">Lidsk\u00e1 pr\u00e1va v \u010c\u00edn\u011b<\/p>\n\n\n\n<h2><strong>Marta Kubi\u0161ov\u00e1<\/strong><\/h2>\n\n\n\n<div class=\"wp-block-image is-style-default\"><figure class=\"alignleft size-large is-resized\"><img loading=\"lazy\" src=\"https:\/\/www.davidsandgoliath.cz\/wp-content\/uploads\/2021\/03\/zpevacka-Marta-Kubisova-podporila-komiks-o-vysetrovani-v-cine-754x1024.jpg\" alt=\"\" class=\"wp-image-335\" width=\"213\" height=\"290\" srcset=\"https:\/\/www.davidsandgoliath.cz\/wp-content\/uploads\/2021\/03\/zpevacka-Marta-Kubisova-podporila-komiks-o-vysetrovani-v-cine-754x1024.jpg 754w, https:\/\/www.davidsandgoliath.cz\/wp-content\/uploads\/2021\/03\/zpevacka-Marta-Kubisova-podporila-komiks-o-vysetrovani-v-cine-221x300.jpg 221w, https:\/\/www.davidsandgoliath.cz\/wp-content\/uploads\/2021\/03\/zpevacka-Marta-Kubisova-podporila-komiks-o-vysetrovani-v-cine-768x1043.jpg 768w, https:\/\/www.davidsandgoliath.cz\/wp-content\/uploads\/2021\/03\/zpevacka-Marta-Kubisova-podporila-komiks-o-vysetrovani-v-cine.jpg 1066w\" sizes=\"(max-width: 213px) 100vw, 213px\" \/><\/figure><\/div>\n\n\n\n<p class=\"has-medium-font-size\">\u201eIch unterst\u00fctze dieses Projekt. Dies ist zwar die zigste Menschenrechtsherausforderung, dem grausamen Schicksal der Inhaftierung und unfreiwilligen Organentnahmen in chinesischen Gef\u00e4ngnissen kann man jedoch nicht gleichg\u00fcltig zusehen. Besonders in dieser Zeit und in Bezug auf China.\u201c &#8211; <a href=\"https:\/\/cs.wikipedia.org\/wiki\/Marta_Kubi%C5%A1ov%C3%A1\">Marta Kubi\u0161ov\u00e1<\/a>, tschechische S\u00e4ngerin und antitotalit\u00e4re Aktivistin in der ehemaligen Tschechoslowakei.<\/p>\n\n\n\n<p class=\"has-white-color has-text-color\">Lidsk\u00e1 pr\u00e1va v \u010c\u00edn\u011b<\/p>\n\n\n\n<p class=\"has-white-color has-text-color\">Lidsk\u00e1 pr\u00e1va v \u010c\u00edn\u011b<\/p>\n\n\n\n<h2 class=\"has-text-align-right\"><strong>Anton\u00edn Baudi\u0161<\/strong><\/h2>\n\n\n\n<div class=\"wp-block-image is-style-default\"><figure class=\"alignright size-large is-resized\"><img loading=\"lazy\" src=\"https:\/\/www.davidsandgoliath.cz\/wp-content\/uploads\/2021\/03\/Antonin-Baudis-podporil-komiks-o-vysetrovani-v-cine.jpg\" alt=\"\" class=\"wp-image-336\" width=\"213\" height=\"213\" srcset=\"https:\/\/www.davidsandgoliath.cz\/wp-content\/uploads\/2021\/03\/Antonin-Baudis-podporil-komiks-o-vysetrovani-v-cine.jpg 322w, https:\/\/www.davidsandgoliath.cz\/wp-content\/uploads\/2021\/03\/Antonin-Baudis-podporil-komiks-o-vysetrovani-v-cine-300x300.jpg 300w, https:\/\/www.davidsandgoliath.cz\/wp-content\/uploads\/2021\/03\/Antonin-Baudis-podporil-komiks-o-vysetrovani-v-cine-150x150.jpg 150w\" sizes=\"(max-width: 213px) 100vw, 213px\" \/><\/figure><\/div>\n\n\n\n<p class=\"has-medium-font-size\">\u201eVor allem wegen meiner Liebe zu China schlie\u00dfe ich mich dem Aufruf zu einer Comicbuchreihe an, die \u00fcber die von der Regierung angeordnete Organentnahme bei Gefangenen in China aufkl\u00e4rt. Oft handelt es sich dabei um Mitglieder der Falun-Gong-Bewegung, die f\u00fcr ihre perfekte Gesundheit bekannt sind.\u201c &#8211; <a href=\"https:\/\/www.facebook.com\/baudys\/posts\/10222024817523759?notif_id=1615452252879594&amp;notif_t=mention&amp;ref=notif\">Anton\u00edn Baudi\u0161<\/a>, Astrologe und Vision\u00e4r.<\/p>\n\n\n\n<p class=\"has-white-color has-text-color\">lidska prava v cine<\/p>\n\n\n\n<p class=\"has-white-color has-text-color\">Lidsk\u00e1 pr\u00e1va v \u010c\u00edn\u011b<\/p>\n\n\n\n<h2><strong>Roman Joch<\/strong><\/h2>\n\n\n\n<div class=\"wp-block-image\"><figure class=\"alignleft size-large is-resized\"><img loading=\"lazy\" src=\"https:\/\/www.davidsandgoliath.cz\/wp-content\/uploads\/2021\/03\/roman-joch-podporil-projekt-komiksem-proti-totalite.jpg\" alt=\"\" class=\"wp-image-650\" width=\"214\" height=\"214\" srcset=\"https:\/\/www.davidsandgoliath.cz\/wp-content\/uploads\/2021\/03\/roman-joch-podporil-projekt-komiksem-proti-totalite.jpg 450w, https:\/\/www.davidsandgoliath.cz\/wp-content\/uploads\/2021\/03\/roman-joch-podporil-projekt-komiksem-proti-totalite-300x300.jpg 300w, https:\/\/www.davidsandgoliath.cz\/wp-content\/uploads\/2021\/03\/roman-joch-podporil-projekt-komiksem-proti-totalite-150x150.jpg 150w\" sizes=\"(max-width: 214px) 100vw, 214px\" \/><\/figure><\/div>\n\n\n\n<p class=\"has-medium-font-size\">\u201eChinas kommunistisches Regime herrscht \u00fcber das bev\u00f6lkerungsreichste Land der Welt und versklavt mehr Menschen als jedes andere. Auch f\u00fcr die Au\u00dfenwelt und das Ausland ist es eine zunehmende Bedrohung. Zu Hause, gegen\u00fcber seinen eigenen B\u00fcrgern, ist es absolut brutal und ermordet wissentlich Unschuldige. Die grundlegende moralische Pflicht von heute ist es, auf den Horror und die Kriminalit\u00e4t dieses abscheulichen, aber m\u00e4chtigen und wohlhabenden Regimes- und das ist umso gef\u00e4hrlicher -zu zeigen. Es ist eine gro\u00dfe Sache. Die Menschen m\u00fcssen seinen wahren Charakter erkennen, bevor es zu sp\u00e4t ist.\u201c &#8211; <a href=\"http:\/\/www.obcinst.cz\/o-obcanskem-institutu\/\">Roman Joch<\/a>, Gesch\u00e4ftsf\u00fchrer des Civic Institute.<\/p>\n\n\n\n<p class=\"has-white-color has-text-color\">Human rights in China<\/p>\n\n\n\n<h2 class=\"has-text-align-right\"><strong>Tom\u00e1\u0161 Zdechovsk\u00fd<\/strong><\/h2>\n\n\n\n<div class=\"wp-block-image is-style-default\"><figure class=\"alignright size-large is-resized\"><img loading=\"lazy\" src=\"https:\/\/www.davidsandgoliath.cz\/wp-content\/uploads\/2021\/03\/Europoslanec-Tomas-Zdechovsky-podporil-projekt-komiksem-proti-totalite-transplantace-Cina.jpg\" alt=\"\" class=\"wp-image-685\" width=\"214\" height=\"199\" srcset=\"https:\/\/www.davidsandgoliath.cz\/wp-content\/uploads\/2021\/03\/Europoslanec-Tomas-Zdechovsky-podporil-projekt-komiksem-proti-totalite-transplantace-Cina.jpg 720w, https:\/\/www.davidsandgoliath.cz\/wp-content\/uploads\/2021\/03\/Europoslanec-Tomas-Zdechovsky-podporil-projekt-komiksem-proti-totalite-transplantace-Cina-300x278.jpg 300w\" sizes=\"(max-width: 214px) 100vw, 214px\" \/><\/figure><\/div>\n\n\n\n<p class=\"has-medium-font-size\">&#8222;Ich unterst\u00fctze dieses Projekt, das die breite \u00d6ffentlichkeit in einer zug\u00e4nglichen Form \u00fcber das ernste Problem des Missbrauchs von Gewissensgefangenen in China f\u00fcr Organtransplantationen informieren kann. Das Projekt liegt mir auch deshalb am Herzen, weil ich selbst mehrfach, nicht nur im Europ\u00e4ischen Parlament, einen Stopp der Organentnahme bei Gewissensgefangenen in China und eine Untersuchung dieser illegalen Praktiken gefordert habe. Ich bin sehr froh, dass es Menschen gibt, denen die d\u00fcstere Menschenrechtslage in China nicht gleichg\u00fcltig ist.&#8220; &#8211; <a href=\"https:\/\/www.zdechovsky.eu\/\">Tom\u00e1\u0161 Zdechovsk\u00fd<\/a>, Mitglied des Europ\u00e4ischen Parlaments.<\/p>\n\n\n\n<p class=\"has-white-color has-white-background-color has-text-color has-background\" id=\"block-5d679173-05ff-4a95-aebe-1c14613d16d6\">lidska prava v cine<\/p>\n\n\n\n<div id=\"block-cac1e5e8-9100-4f6a-924b-6d57dfa0e515\" class=\"wp-block-image\"><figure class=\"aligncenter is-resized\"><a href=\"https:\/\/www.davidsandgoliath.cz\/index.php\/en\/who-supported-the-project\/\"><img loading=\"lazy\" src=\"https:\/\/www.davidsandgoliath.cz\/wp-content\/uploads\/2021\/02\/davidove_golias_komiks_cz-logo-4.jpg\" alt=\"This image has an empty alt attribute; its file name is davidove_golias_komiks_cz-logo-4.jpg\" width=\"100\" height=\"100\"\/><\/a><\/figure><\/div>\n","protected":false},"excerpt":{"rendered":"<p>Vielen Dank an alle, die das Projekt unterst\u00fctzt haben! Danke, dass Sie nicht gleichg\u00fcltig bleiben.Dies wird helfen, die Dinge zum Besseren zu wenden. lidska prava v cine David Kilgour \u201eDanke an alle Beteiligten. Danke f\u00fcr alles, was Sie f\u00fcr die menschliche W\u00fcrde tun.\u201c &#8211; David Kilgour, ehemaliger kanadischer Au\u00dfenminister. Lidsk\u00e1 pr\u00e1va v \u010c\u00edn\u011b Ethan Gutmann &hellip;<\/p>\n<p class=\"read-more\"> <a class=\"\" href=\"https:\/\/www.davidsandgoliath.cz\/index.php\/de\/unterstutzer\/\"> <span class=\"screen-reader-text\">Unterst\u00fctzer<\/span> Pokra\u010dovat ve \u010dten\u00ed &raquo;<\/a><\/p>\n","protected":false},"author":1,"featured_media":0,"parent":0,"menu_order":0,"comment_status":"closed","ping_status":"closed","template":"","meta":[],"_links":{"self":[{"href":"https:\/\/www.davidsandgoliath.cz\/index.php\/wp-json\/wp\/v2\/pages\/987"}],"collection":[{"href":"https:\/\/www.davidsandgoliath.cz\/index.php\/wp-json\/wp\/v2\/pages"}],"about":[{"href":"https:\/\/www.davidsandgoliath.cz\/index.php\/wp-json\/wp\/v2\/types\/page"}],"author":[{"embeddable":true,"href":"https:\/\/www.davidsandgoliath.cz\/index.php\/wp-json\/wp\/v2\/users\/1"}],"replies":[{"embeddable":true,"href":"https:\/\/www.davidsandgoliath.cz\/index.php\/wp-json\/wp\/v2\/comments?post=987"}],"version-history":[{"count":3,"href":"https:\/\/www.davidsandgoliath.cz\/index.php\/wp-json\/wp\/v2\/pages\/987\/revisions"}],"predecessor-version":[{"id":1006,"href":"https:\/\/www.davidsandgoliath.cz\/index.php\/wp-json\/wp\/v2\/pages\/987\/revisions\/1006"}],"wp:attachment":[{"href":"https:\/\/www.davidsandgoliath.cz\/index.php\/wp-json\/wp\/v2\/media?parent=987"}],"curies":[{"name":"wp","href":"https:\/\/api.w.org\/{rel}","templated":true}]}}