{"id":978,"date":"2021-06-03T21:25:03","date_gmt":"2021-06-03T21:25:03","guid":{"rendered":"http:\/\/www.davidsandgoliath.cz\/?page_id=978"},"modified":"2021-07-22T11:39:25","modified_gmt":"2021-07-22T11:39:25","slug":"startseite","status":"publish","type":"page","link":"https:\/\/www.davidsandgoliath.cz\/index.php\/de\/startseite\/","title":{"rendered":"Startseite"},"content":{"rendered":"\n<h2 class=\"has-text-align-center has-black-color has-white-background-color has-text-color has-background\" style=\"font-size:30px\">            <strong><strong>Komische historische Fiktion<\/strong> basierend auf wahren <a href=\"https:\/\/www.davidsandgoliath.cz\/index.php\/de\/comic\/\">Geschehnissen&#8230;<\/a><\/strong><\/h2>\n\n\n\n<figure class=\"wp-block-image alignfull size-large is-style-default\"><a href=\"https:\/\/www.davidsandgoliath.cz\/index.php\/en\/crowdfunding\/\"><img loading=\"lazy\" width=\"1024\" height=\"716\" src=\"https:\/\/www.davidsandgoliath.cz\/wp-content\/uploads\/2021\/02\/plakat-komiks-davidove-a-golias-zmenseny-2-1024x716.jpg\" alt=\"\" class=\"wp-image-134\" srcset=\"https:\/\/www.davidsandgoliath.cz\/wp-content\/uploads\/2021\/02\/plakat-komiks-davidove-a-golias-zmenseny-2-1024x716.jpg 1024w, https:\/\/www.davidsandgoliath.cz\/wp-content\/uploads\/2021\/02\/plakat-komiks-davidove-a-golias-zmenseny-2-300x210.jpg 300w, https:\/\/www.davidsandgoliath.cz\/wp-content\/uploads\/2021\/02\/plakat-komiks-davidove-a-golias-zmenseny-2-768x537.jpg 768w, https:\/\/www.davidsandgoliath.cz\/wp-content\/uploads\/2021\/02\/plakat-komiks-davidove-a-golias-zmenseny-2-1536x1075.jpg 1536w, https:\/\/www.davidsandgoliath.cz\/wp-content\/uploads\/2021\/02\/plakat-komiks-davidove-a-golias-zmenseny-2-2048x1433.jpg 2048w\" sizes=\"(max-width: 1024px) 100vw, 1024px\" \/><\/a><\/figure>\n\n\n\n<p class=\"has-white-color has-text-color\">Human rights in China<\/p>\n\n\n\n<h2 class=\"has-text-align-left\"><strong><strong>\u00dcber das Projekt<\/strong><\/strong><\/h2>\n\n\n\n<p class=\"has-medium-font-size\">Wir sind ein Comicbuch-Projekt, das mit einem beliebten literarischen Mittel auf den massenhaften Missbrauch von Gewissensgefangenen in China f\u00fcr Organtransplantationen aufmerksam machen will. Wir wollen die Geschichte einer internationalen Untersuchung, die auf wahren Geschehnissenberuht, kunstvoll darstellen. Was m\u00f6chten wir damit ver\u00e4ndern? Die Gleichg\u00fcltigkeit der Menschen gegen\u00fcber dem B\u00f6sen, das Interesse wecken und die Apathie vertreiben. Und was k\u00f6nnen Sie ver\u00e4ndern, wenn Sie das Projekt unterst\u00fctzen? <em><a href=\"https:\/\/www.davidsandgoliath.cz\/index.php\/de\/unterstutzer\/\">Mehr&#8230;<\/a><\/em><\/p>\n\n\n\n<div class=\"wp-block-image\"><figure class=\"aligncenter size-large is-resized\"><a href=\"https:\/\/www.davidsandgoliath.cz\/index.php\/de\/crowdfunding-2\/\"><img loading=\"lazy\" src=\"https:\/\/www.davidsandgoliath.cz\/wp-content\/uploads\/2021\/03\/button-comisc-against-totality-human-rights-in-china-1.png\" alt=\"\" class=\"wp-image-682\" width=\"231\" height=\"79\"\/><\/a><\/figure><\/div>\n\n\n\n<h2><strong><strong>Die Storyline<\/strong><\/strong><\/h2>\n\n\n\n<p class=\"has-medium-font-size\">Wir haben ein Skript und die ersten Zeichnungen f\u00fcr ein Comicbuch vorbereitet, in dem mehr als ein dutzend Charaktere realer Personen auftreten. Sie waren an der Untersuchung von schweren Verbrechen in China beteiligt. Drei von ihnen wurden f\u00fcr den Friedensnobelpreis nominiert.<\/p>\n\n\n\n<p class=\"has-medium-font-size\">Die Geschichte beginnt im Jahr 2006. Sie begleitet das Schicksal eines M\u00e4dchens, das unter dem Druck der Umst\u00e4nde, Hilfe bei einem Organtransplantationsanbieter in einem chinesischen Krankenhaus sucht. Sie fliegt nach China, um sich f\u00fcr eine gro\u00dfe Summe ein Herz transplantieren zu lassen. Vor dem Krankenhaus st\u00f6\u00dft sie zuf\u00e4llig auf einen Journalisten, der auf der Suche nach Beweisen der verheimlichten H5N1-Vogelgrippe-Epidemie ist. Bei den Recherchen entdeckt er zuf\u00e4llig ein Gefangenenlager mit mehreren tausend Gefangenen, das an das Krankenhaus angrenzt.<\/p>\n\n\n\n<p class=\"has-medium-font-size\">Eine gef\u00e4hrliche Untersuchung beginnt, die eine noch gef\u00e4hrlichere Wahrheit enth\u00fcllt.<em>Mehr&#8230;<\/em><\/p>\n\n\n\n<h2><strong><strong>Quellen<\/strong><\/strong><\/h2>\n\n\n\n<p class=\"has-medium-font-size\">Im Folgenden stellen wir einige Quellen, Untersuchungsberichte und Referenzen zur Verf\u00fcgung, die sich mit der Untersuchung von Missbrauchsf\u00e4llen von Gewissensgefangenen in China f\u00fcr Organtransplantationen befassen:<\/p>\n\n\n\n<p class=\"has-medium-font-size\">\u2026\u2026\u2026\u2026\u2026\u2026\u2026\u2026\u2026..&nbsp;<a rel=\"noreferrer noopener\" href=\"https:\/\/endtransplantabuse.org\/\" target=\"_blank\">ETAC &#8211; International Coalition of Investigators<\/a><\/p>\n\n\n\n<p class=\"has-medium-font-size\">\u2026\u2026\u2026\u2026\u2026\u2026\u2026\u2026\u2026..&nbsp;<a rel=\"noreferrer noopener\" href=\"https:\/\/chinatribunal.com\/\" target=\"_blank\">International Judicial Tribunal in London (2019)<\/a><\/p>\n\n\n\n<p class=\"has-medium-font-size\">\u2026\u2026\u2026\u2026\u2026\u2026\u2026\u2026\u2026..&nbsp;<a rel=\"noreferrer noopener\" href=\"https:\/\/endtransplantabuse.org\/books\/\" target=\"_blank\">Bloody Harvest &#8211; investigative Report (2006-2009)<\/a><\/p>\n\n\n\n<p class=\"has-medium-font-size\">\u2026\u2026\u2026\u2026\u2026\u2026\u2026\u2026\u2026..&nbsp;<a rel=\"noreferrer noopener\" href=\"https:\/\/www.amazon.com\/Slaughter-Killings-Harvesting-Solution-Dissident-ebook\/dp\/B00IHMBO6M\/ref=sr_1_1?dchild=1&amp;keywords=the%20slaughter%20gutmann&amp;qid=1612180513&amp;s=movies-tv&amp;sr=1-1&amp;fbclid=IwAR3e7wML5oOCq2RSrsv3xRIf2ryW2uvkw4uVJfHlwvOZ-O4FsAZ3E8KKjpY\" target=\"_blank\">The Slaughter &#8211; seven years of field research (2014)<\/a><\/p>\n\n\n\n<p class=\"has-medium-font-size\">\u2026\u2026\u2026\u2026\u2026\u2026\u2026\u2026\u2026..&nbsp;<a rel=\"noreferrer noopener\" href=\"https:\/\/endtransplantabuse.org\/an-update\/\" target=\"_blank\">Summary investigative Report &#8211; B.H.S. An Update (2016)<\/a><\/p>\n\n\n\n<p class=\"has-medium-font-size\">\u2026\u2026\u2026\u2026\u2026\u2026\u2026\u2026\u2026..&nbsp;<a rel=\"noreferrer noopener\" href=\"https:\/\/www.chinaorganharvest.org\/global-response\/\" target=\"_blank\">International Response to Investigation Reports &#8211; Summary (COHRC)<\/a><\/p>\n\n\n\n<p class=\"has-white-color has-text-color\">Human rights in China<\/p>\n\n\n\n<div class=\"wp-block-image is-style-default\"><figure class=\"aligncenter size-large is-resized\"><a href=\"https:\/\/www.davidsandgoliath.cz\/index.php\/en\/home\/\"><img src=\"https:\/\/www.davidsandgoliath.cz\/wp-content\/uploads\/2021\/02\/davidove_golias_komiks_cz-logo-4.jpg\" alt=\"\" class=\"wp-image-113\" width=\"100\" srcset=\"https:\/\/www.davidsandgoliath.cz\/wp-content\/uploads\/2021\/02\/davidove_golias_komiks_cz-logo-4.jpg 800w, https:\/\/www.davidsandgoliath.cz\/wp-content\/uploads\/2021\/02\/davidove_golias_komiks_cz-logo-4-300x300.jpg 300w, https:\/\/www.davidsandgoliath.cz\/wp-content\/uploads\/2021\/02\/davidove_golias_komiks_cz-logo-4-150x150.jpg 150w, https:\/\/www.davidsandgoliath.cz\/wp-content\/uploads\/2021\/02\/davidove_golias_komiks_cz-logo-4-768x768.jpg 768w\" sizes=\"(max-width: 800px) 100vw, 800px\" \/><\/a><\/figure><\/div>\n","protected":false},"excerpt":{"rendered":"<p>Komische historische Fiktion basierend auf wahren Geschehnissen&#8230; Human rights in China \u00dcber das Projekt Wir sind ein Comicbuch-Projekt, das mit einem beliebten literarischen Mittel auf den massenhaften Missbrauch von Gewissensgefangenen in China f\u00fcr Organtransplantationen aufmerksam machen will. Wir wollen die Geschichte einer internationalen Untersuchung, die auf wahren Geschehnissenberuht, kunstvoll darstellen. Was m\u00f6chten wir damit ver\u00e4ndern? &hellip;<\/p>\n<p class=\"read-more\"> <a class=\"\" href=\"https:\/\/www.davidsandgoliath.cz\/index.php\/de\/startseite\/\"> <span class=\"screen-reader-text\">Startseite<\/span> Pokra\u010dovat ve \u010dten\u00ed &raquo;<\/a><\/p>\n","protected":false},"author":1,"featured_media":0,"parent":0,"menu_order":0,"comment_status":"closed","ping_status":"closed","template":"","meta":[],"_links":{"self":[{"href":"https:\/\/www.davidsandgoliath.cz\/index.php\/wp-json\/wp\/v2\/pages\/978"}],"collection":[{"href":"https:\/\/www.davidsandgoliath.cz\/index.php\/wp-json\/wp\/v2\/pages"}],"about":[{"href":"https:\/\/www.davidsandgoliath.cz\/index.php\/wp-json\/wp\/v2\/types\/page"}],"author":[{"embeddable":true,"href":"https:\/\/www.davidsandgoliath.cz\/index.php\/wp-json\/wp\/v2\/users\/1"}],"replies":[{"embeddable":true,"href":"https:\/\/www.davidsandgoliath.cz\/index.php\/wp-json\/wp\/v2\/comments?post=978"}],"version-history":[{"count":8,"href":"https:\/\/www.davidsandgoliath.cz\/index.php\/wp-json\/wp\/v2\/pages\/978\/revisions"}],"predecessor-version":[{"id":1041,"href":"https:\/\/www.davidsandgoliath.cz\/index.php\/wp-json\/wp\/v2\/pages\/978\/revisions\/1041"}],"wp:attachment":[{"href":"https:\/\/www.davidsandgoliath.cz\/index.php\/wp-json\/wp\/v2\/media?parent=978"}],"curies":[{"name":"wp","href":"https:\/\/api.w.org\/{rel}","templated":true}]}}