{"id":976,"date":"2021-06-03T21:20:37","date_gmt":"2021-06-03T21:20:37","guid":{"rendered":"http:\/\/www.davidsandgoliath.cz\/?page_id=976"},"modified":"2021-08-05T11:24:48","modified_gmt":"2021-08-05T11:24:48","slug":"crowdfunding-2","status":"publish","type":"page","link":"https:\/\/www.davidsandgoliath.cz\/index.php\/de\/crowdfunding-2\/","title":{"rendered":"Crowdfunding"},"content":{"rendered":"\n<p>     <br><br><\/p>\n\n\n\n<h2 class=\"has-text-align-center\"><strong>M\u00f6chtest du das Projekt unterst\u00fctzen?<\/strong><\/h2>\n\n\n\n<h2 class=\"has-text-align-center\">Du kannst zur Erstellung von Comics beitragen und interessante Belohnungen erhalten:<\/h2>\n\n\n\n<h2 class=\"has-text-align-center\"><strong>Sie haben gespendet:<\/strong> 3 537 EUR<strong> |<\/strong> <strong>Wir brauchen: <\/strong>13 692 EUR<\/h2>\n\n\n\n<p class=\"has-text-align-center has-black-color has-text-color has-medium-font-size\">Das wurde direkt zu unserem Projektkonto gespendet.<\/p>\n\n\n\n<p><\/p>\n\n\n\n<h2 class=\"has-text-align-center\"><strong>Wohin k\u00f6nnen Sie den Beitrag schicken?<\/strong><\/h2>\n\n\n\n<h2 class=\"has-text-align-center\">Sie k\u00f6nnen jetzt \u00fcber <strong><a href=\"https:\/\/www.gofundme.com\/f\/jenseits-der-roten-mauer-ermittlungen-in-china\" target=\"_blank\" rel=\"noreferrer noopener\">GoFundMe<\/a><\/strong> spenden.<\/h2>\n\n\n\n<h3 class=\"has-text-align-center\">Oder Sie k\u00f6nnen uns direkt unterst\u00fctzen<\/h3>\n\n\n\n<h2 class=\"has-text-align-center\">Kontonummer: 2601233407 \/ 2010 <strong>(in EUR)<\/strong><\/h2>\n\n\n\n<p class=\"has-text-align-center has-medium-font-size\">Geben Sie das variable Symbol an: 1234321<\/p>\n\n\n\n<p class=\"has-text-align-center has-medium-font-size\">Geben Sie in der Nachricht an den Empf\u00e4nger an: CODE der Belohnung und E-Mail <br>(Beispiel: PHOTO, richard@yahoo.com)<\/p>\n\n\n\n<p class=\"has-text-align-center has-medium-font-size\">Geben Sie f\u00fcr eine Auslandszahlung&nbsp;folgendes an: <\/p>\n\n\n\n<p class=\"has-text-align-center has-medium-font-size\">IBAN: CZ0920100000002601233407<\/p>\n\n\n\n<p class=\"has-text-align-center has-medium-font-size\">BIC\/SWIFT: FIOBCZPPXXX<\/p>\n\n\n\n<hr class=\"wp-block-separator\"\/>\n\n\n\n<h2 style=\"font-size:40px\"><strong>Belohnungen:<\/strong><\/h2>\n\n\n\n<p class=\"has-white-color has-text-color\"><strong>Do you want to support the project?<\/strong><\/p>\n\n\n\n<h3><strong>1) Ich bin ein Fan!<\/strong> (beitragen 6 )<\/h3>\n\n\n\n<p class=\"has-medium-font-size\">M\u00f6chten Sie dieses Projekt unterst\u00fctzen und Informationen zur Projektentwicklung erhalten? Dann senden Sie uns einen beliebigen Betrag und Ihre E-Mail-Adresse. Wir werden Ihnen neue Skizzen, Bilder und Neuigkeiten \u00fcber die Entwicklung schicken.<\/p>\n\n\n\n<h2><strong>Beliebiger Betrag, &#8211; EURO oder USD<\/strong><\/h2>\n\n\n\n<p class=\"has-medium-font-size\">CODE: FAN(DE)<\/p>\n\n\n\n<hr class=\"wp-block-separator\"\/>\n\n\n\n<h3><strong>2) Dankesch\u00f6n-Poster<\/strong><\/h3>\n\n\n\n<p class=\"has-medium-font-size\">Unterst\u00fctzen Sie die Erstellung eines Comicbuchs und wir bedanken uns bei Ihnen mit einem Poster, mit dem Sie IhrenDesktop schm\u00fccken k\u00f6nnen. Nat\u00fcrlich werden wir Sie \u00fcber die Entwicklung des gesamten Projekts auf dem Laufenden halten.<\/p>\n\n\n\n<p class=\"has-medium-font-size\">HINWEIS: Wir schicken es an Ihre E-Mail Adresse.<\/p>\n\n\n\n<p style=\"font-size:40px\"><strong>8,- EURO oder 9,- USD<\/strong><\/p>\n\n\n\n<p class=\"has-medium-font-size\">CODE: POSTER<\/p>\n\n\n\n<hr class=\"wp-block-separator\"\/>\n\n\n\n<h3><strong>3) Ich bestelle einen Comic in elektronischer Version<\/strong> (4 St\u00fcck bestellt)<\/h3>\n\n\n\n<div class=\"wp-block-image is-style-default\"><figure class=\"alignright size-large is-resized\"><img loading=\"lazy\" src=\"https:\/\/www.davidsandgoliath.cz\/wp-content\/uploads\/2021\/03\/titulni-strana-komiksem-proti-totalite-vysetrovani-v-cine-1-706x1024.jpg\" alt=\"\" class=\"wp-image-519\" width=\"324\" height=\"469\" srcset=\"https:\/\/www.davidsandgoliath.cz\/wp-content\/uploads\/2021\/03\/titulni-strana-komiksem-proti-totalite-vysetrovani-v-cine-1-706x1024.jpg 706w, https:\/\/www.davidsandgoliath.cz\/wp-content\/uploads\/2021\/03\/titulni-strana-komiksem-proti-totalite-vysetrovani-v-cine-1-207x300.jpg 207w, https:\/\/www.davidsandgoliath.cz\/wp-content\/uploads\/2021\/03\/titulni-strana-komiksem-proti-totalite-vysetrovani-v-cine-1-768x1114.jpg 768w, https:\/\/www.davidsandgoliath.cz\/wp-content\/uploads\/2021\/03\/titulni-strana-komiksem-proti-totalite-vysetrovani-v-cine-1-1059x1536.jpg 1059w, https:\/\/www.davidsandgoliath.cz\/wp-content\/uploads\/2021\/03\/titulni-strana-komiksem-proti-totalite-vysetrovani-v-cine-1.jpg 1301w\" sizes=\"(max-width: 324px) 100vw, 324px\" \/><\/figure><\/div>\n\n\n\n<p class=\"has-medium-font-size\">M\u00f6chten Sie eines der ersten Exemplare des Comics erhalten? Dann spenden Sie uns einen Beitrag zur Erstellung des Comics und Ihre E-Mail Adresse. Sie werden dann in den Vorverkauf aufgenommen und wenn wir die Comics produzieren und drucken, bekommen Sie sie zuerst. Bis dahin halten wir Sie \u00fcber den Fortschritt des Projekts auf dem Laufenden.<\/p>\n\n\n\n<p class=\"has-medium-font-size\"><strong>HINWEIS:<\/strong> Jetzt k\u00f6nnen wir es weltweit nur in elektronischer Version vertreiben.<\/p>\n\n\n\n<p style=\"font-size:40px\"><strong>23,- EURO oder 27,- USD<\/strong><\/p>\n\n\n\n<p class=\"has-medium-font-size\">CODE: COMIC(EL-DE)<\/p>\n\n\n\n<hr class=\"wp-block-separator\"\/>\n\n\n\n<h3><strong>4) <strong>Buch &#8211; Wie die Comics entstanden sind<\/strong><\/strong> (2 St\u00fcck bestellt)<\/h3>\n\n\n\n<div class=\"wp-block-image is-style-default\"><figure class=\"alignright size-large is-resized\"><img loading=\"lazy\" src=\"https:\/\/www.davidsandgoliath.cz\/wp-content\/uploads\/2021\/03\/kniha-jak-se-vytvarel-komiks-Davidove-a-Golias-1024x919.jpg\" alt=\"Buch - Wie die Comics entstanden sind\" class=\"wp-image-700\" width=\"324\" height=\"289\"\/><figcaption>Buch &#8211; Wie die Comics entstanden sind<\/figcaption><\/figure><\/div>\n\n\n\n<p class=\"has-medium-font-size\">Sie erhalten von uns ein E-Book voller Skizzen, Bilder und Geschichten \u00fcber die Entstehung der Comics. Dies wird die Beobachtungen und Erfahrungen der Sch\u00f6pfer und echte Fotos von einigen Akteuren der Geschichte enthalten. Wir werden das Buch w\u00e4hrend der Produktion des gesamten Comics erstellen. Wir werden Sie \u00fcber den Fortschritt des Projekts auf dem Laufenden halten, bis das Buch fertig ist.<\/p>\n\n\n\n<p class=\"has-medium-font-size\">HINWEIS: Sie erhalten das Buch im PDF-Format per E-Mail.<\/p>\n\n\n\n<p style=\"font-size:40px\"><strong><strong>38 EUR<\/strong><\/strong><\/p>\n\n\n\n<p class=\"has-medium-font-size\">CODE: BOOK(DE)<\/p>\n\n\n\n<hr class=\"wp-block-separator\"\/>\n\n\n\n<h3><strong>4) Ich m\u00f6chte ein von den Ermittlern handsigniertes Foto<\/strong> (2 St\u00fcck bestellt)<\/h3>\n\n\n\n<div class=\"wp-block-image is-style-default\"><figure class=\"alignright size-large is-resized\"><img loading=\"lazy\" src=\"https:\/\/www.davidsandgoliath.cz\/wp-content\/uploads\/2021\/03\/kilgour-matas-gutmann-1024x683.jpg\" alt=\"\" class=\"wp-image-462\" width=\"416\" height=\"277\" srcset=\"https:\/\/www.davidsandgoliath.cz\/wp-content\/uploads\/2021\/03\/kilgour-matas-gutmann-1024x683.jpg 1024w, https:\/\/www.davidsandgoliath.cz\/wp-content\/uploads\/2021\/03\/kilgour-matas-gutmann-300x200.jpg 300w, https:\/\/www.davidsandgoliath.cz\/wp-content\/uploads\/2021\/03\/kilgour-matas-gutmann-768x512.jpg 768w, https:\/\/www.davidsandgoliath.cz\/wp-content\/uploads\/2021\/03\/kilgour-matas-gutmann.jpg 1200w\" sizes=\"(max-width: 416px) 100vw, 416px\" \/><figcaption>Lond\u00fdn, rok 2014: b\u00fdval\u00fd kanadsk\u00fd ministr zahrani\u010d\u00ed David Kilgour, advok\u00e1t David Matas a investigativn\u00ed report\u00e9r Ethan Gutmann. (Photograph: \u00a9 Si Gross)<\/figcaption><\/figure><\/div>\n\n\n\n<p class=\"has-medium-font-size\">M\u00f6chten Sie eines der 20 Fotos erhalten, welche von den Ermittlern handsigniert wurden?Dann schicken Sie uns einen Beitrag zur Erstellung des Comics und eine E-Mail Adresse. Wir schicken Ihnen das Foto zu, sobald wir IhrenBeitrag und ihre E-Mail erhalten haben. Das Bild von Simon Gross zeigt: den ehemaligen kanadischen Au\u00dfenminister David Kilgour, den Anwalt David Matas und den Investigativreporter Ethan Gutmann. Alle drei wurden f\u00fcr ihre Arbeit f\u00fcr den Friedensnobelpreis nominiert.<\/p>\n\n\n\n<p class=\"has-medium-font-size\">HINWEIS: Wir k\u00f6nnen es weltweit verschicken.<\/p>\n\n\n\n<p style=\"font-size:40px\"><strong>231,- EURO oder 273,- USD<\/strong><\/p>\n\n\n\n<p class=\"has-medium-font-size\">CODE: FOTO(DE)<\/p>\n\n\n\n<hr class=\"wp-block-separator\"\/>\n\n\n\n<h3><strong>5) Wir erstellen Ihr Portr\u00e4t im Comic-Stil<\/strong> (2 St\u00fcck bestellt)<\/h3>\n\n\n\n<div class=\"wp-block-image is-style-default\"><figure class=\"alignright size-large is-resized\"><img loading=\"lazy\" src=\"https:\/\/www.davidsandgoliath.cz\/wp-content\/uploads\/2021\/03\/Komiks-Davidove-a-Golias-kresba-David-Kilgour-lidska-prava-v-cine.jpg\" alt=\"\" class=\"wp-image-480\" width=\"271\" height=\"382\" srcset=\"https:\/\/www.davidsandgoliath.cz\/wp-content\/uploads\/2021\/03\/Komiks-Davidove-a-Golias-kresba-David-Kilgour-lidska-prava-v-cine.jpg 386w, https:\/\/www.davidsandgoliath.cz\/wp-content\/uploads\/2021\/03\/Komiks-Davidove-a-Golias-kresba-David-Kilgour-lidska-prava-v-cine-213x300.jpg 213w\" sizes=\"(max-width: 271px) 100vw, 271px\" \/><\/figure><\/div>\n\n\n\n<p class=\"has-medium-font-size\">Nur zehn gro\u00dfz\u00fcgigen Spendern bieten wir die M\u00f6glichkeit, dass Comic-Autoren Sie nach Ihren zugesandten Fotos zeichnen. So erhalten Sie ein einzigartiges Portr\u00e4t im Auftragsstil in Druckqualit\u00e4t, so dass Sie es auf jedes Material drucken k\u00f6nnen. Sie erhalten nicht nur das fertige Portr\u00e4t, sondern auch seine Skizze. Senden Sie einfach den angegebenen Betrag und Ihre E-Mail-Adresse.<\/p>\n\n\n\n<p class=\"has-medium-font-size\">HINWEIS: Wir schicken es an Ihre E-Mail Adresse.<\/p>\n\n\n\n<p style=\"font-size:40px\"><strong><strong>231,- EURO oder 273,- USD<\/strong><\/strong><\/p>\n\n\n\n<p class=\"has-medium-font-size\">CODE: PORTR\u00c4T<\/p>\n\n\n\n<hr class=\"wp-block-separator\"\/>\n\n\n\n<h3><strong>6) Ganzseitige Werbefl\u00e4che im Comic<\/strong><\/h3>\n\n\n\n<p class=\"has-medium-font-size\">Wir bieten eine ganzseitige Werbefl\u00e4che in der englischen Version des Comicbuchs (zurzeit nur als elektronische Version). Es gibtzwei Seiten: Die zweite Seite und vorletzte Seite 51. Der Inhalt der Werbung muss unseren ethischen Standards entsprechen.<\/p>\n\n\n\n<p class=\"has-medium-font-size\">HINWEIS: Schicken Sie uns bitte Ihre E-Mail, wir werden die Details ausarbeiten.<\/p>\n\n\n\n<p style=\"font-size:40px\"><strong>462,- EURO oder 546,- USD<\/strong><\/p>\n\n\n\n<p class=\"has-medium-font-size\">CODE: WERBUNG<\/p>\n\n\n\n<hr class=\"wp-block-separator\"\/>\n\n\n\n<p class=\"has-white-color has-text-color\">Pron\u00e1sledov\u00e1n\u00ed Falun Gongu, k\u0159es\u0165an\u016f, Ujgur\u016f a Tibe\u0165an\u016f<\/p>\n\n\n\n<h2 class=\"has-text-align-center\"><strong><br>Wohin k\u00f6nnen Sie Ihren Beitrag schicken?<\/strong><\/h2>\n\n\n\n<hr class=\"wp-block-separator\"\/>\n\n\n\n<h2 class=\"has-text-align-center\"><strong>USA, KANADA, AUSTRALIEN<\/strong><\/h2>\n\n\n\n<p class=\"has-text-align-center has-medium-font-size\">Wir bereiten eine Crowdfunding-Kampagne auf der Plattform GoFondMe vor. <strong>(in USD)<\/strong><\/p>\n\n\n\n<hr class=\"wp-block-separator\"\/>\n\n\n\n<h2 class=\"has-text-align-center\"><strong>EUROPA<\/strong><\/h2>\n\n\n\n<h2 class=\"has-text-align-center\">Kontonummer: 2601233407 \/ 2010 <strong>(in EUR)<\/strong><\/h2>\n\n\n\n<p class=\"has-text-align-center has-medium-font-size\">Geben Sie das variable Symbol an: 1234321<\/p>\n\n\n\n<p class=\"has-text-align-center has-medium-font-size\">Geben Sie in der Nachricht an den Empf\u00e4nger an: CODE der Belohnung und E-Mail <br>(Beispiel: PHOTO, richard@yahoo.com)<\/p>\n\n\n\n<p class=\"has-text-align-center has-medium-font-size\">Geben Sie f\u00fcr eine Auslandszahlung&nbsp;folgendes an: <\/p>\n\n\n\n<p class=\"has-text-align-center has-medium-font-size\">IBAN: CZ0920100000002601233407<\/p>\n\n\n\n<p class=\"has-text-align-center has-medium-font-size\">BIC\/SWIFT: FIOBCZPPXXX<\/p>\n\n\n\n<p class=\"has-white-color has-text-color\">D\u011bkujeme V\u00e1m za podporu<\/p>\n\n\n\n<h2 class=\"has-text-align-center\"><strong>Vielen Dank f\u00fcr Ihre Unterst\u00fctzung!<\/strong><\/h2>\n\n\n\n<h2 class=\"has-text-align-center\">Dank Ihnen werden wir in der Lage sein, die Comics fertigzustellen und zu ver\u00f6ffentlichen.<\/h2>\n\n\n\n<p class=\"has-white-color has-text-color\">hhhD\u011bkujeme V\u00e1m za podporu<br><br><\/p>\n\n\n\n<div id=\"block-9bf17bff-f26d-40f0-a971-3ae0a5c0a92b\" class=\"wp-block-image is-style-default\"><figure class=\"aligncenter is-resized\"><img loading=\"lazy\" src=\"https:\/\/www.davidsandgoliath.cz\/wp-content\/uploads\/2021\/02\/davidove_golias_komiks_cz-logo-3.jpg\" alt=\"Tento obr\u00e1zek nem\u00e1 vypln\u011bn\u00fd atribut alt; n\u00e1zev souboru je davidove_golias_komiks_cz-logo-3.jpg.\" width=\"100\" height=\"100\"\/><\/figure><\/div>\n\n\n\n<p><\/p>\n","protected":false},"excerpt":{"rendered":"<p>M\u00f6chtest du das Projekt unterst\u00fctzen? Du kannst zur Erstellung von Comics beitragen und interessante Belohnungen erhalten: Sie haben gespendet: 3 537 EUR | Wir brauchen: 13 692 EUR Das wurde direkt zu unserem Projektkonto gespendet. Wohin k\u00f6nnen Sie den Beitrag schicken? Sie k\u00f6nnen jetzt \u00fcber GoFundMe spenden. Oder Sie k\u00f6nnen uns direkt unterst\u00fctzen Kontonummer: 2601233407 &hellip;<\/p>\n<p class=\"read-more\"> <a class=\"\" href=\"https:\/\/www.davidsandgoliath.cz\/index.php\/de\/crowdfunding-2\/\"> <span class=\"screen-reader-text\">Crowdfunding<\/span> Pokra\u010dovat ve \u010dten\u00ed &raquo;<\/a><\/p>\n","protected":false},"author":1,"featured_media":0,"parent":0,"menu_order":0,"comment_status":"closed","ping_status":"closed","template":"","meta":[],"_links":{"self":[{"href":"https:\/\/www.davidsandgoliath.cz\/index.php\/wp-json\/wp\/v2\/pages\/976"}],"collection":[{"href":"https:\/\/www.davidsandgoliath.cz\/index.php\/wp-json\/wp\/v2\/pages"}],"about":[{"href":"https:\/\/www.davidsandgoliath.cz\/index.php\/wp-json\/wp\/v2\/types\/page"}],"author":[{"embeddable":true,"href":"https:\/\/www.davidsandgoliath.cz\/index.php\/wp-json\/wp\/v2\/users\/1"}],"replies":[{"embeddable":true,"href":"https:\/\/www.davidsandgoliath.cz\/index.php\/wp-json\/wp\/v2\/comments?post=976"}],"version-history":[{"count":10,"href":"https:\/\/www.davidsandgoliath.cz\/index.php\/wp-json\/wp\/v2\/pages\/976\/revisions"}],"predecessor-version":[{"id":1051,"href":"https:\/\/www.davidsandgoliath.cz\/index.php\/wp-json\/wp\/v2\/pages\/976\/revisions\/1051"}],"wp:attachment":[{"href":"https:\/\/www.davidsandgoliath.cz\/index.php\/wp-json\/wp\/v2\/media?parent=976"}],"curies":[{"name":"wp","href":"https:\/\/api.w.org\/{rel}","templated":true}]}}