{"id":739,"date":"2021-04-02T17:44:56","date_gmt":"2021-04-02T17:44:56","guid":{"rendered":"http:\/\/www.davidsandgoliath.cz\/?page_id=739"},"modified":"2021-04-26T09:20:53","modified_gmt":"2021-04-26T09:20:53","slug":"kapcsolat","status":"publish","type":"page","link":"https:\/\/www.davidsandgoliath.cz\/index.php\/hu\/kapcsolat\/","title":{"rendered":"Kapcsolat"},"content":{"rendered":"\n<h2 class=\"has-text-align-center\">     <br><br><strong>Kapcsolat<\/strong>:<\/h2>\n\n\n\n<h2 class=\"has-text-align-center\">Ha k\u00e9rd\u00e9sed van, k\u00e9rj\u00fck, l\u00e9pj vel\u00fcnk kapcsolatba.<\/h2>\n\n\n\n<p class=\"has-text-align-center has-medium-font-size\"><strong>Hungary<\/strong><\/p>\n\n\n\n<div class=\"wp-block-image\"><figure class=\"aligncenter size-large is-resized\"><img loading=\"lazy\" src=\"https:\/\/external-content.duckduckgo.com\/iu\/?u=https%3A%2F%2Fupload.wikimedia.org%2Fwikipedia%2Fcommons%2Fthumb%2Fc%2Fc1%2FFlag_of_Hungary.svg%2F1200px-Flag_of_Hungary.svg.png&amp;f=1&amp;nofb=1\" alt=\"\" width=\"75\" height=\"37\"\/><\/figure><\/div>\n\n\n\n<p class=\"has-text-align-center has-medium-font-size\">Dr. Fricsk\u00f3 Eszter: fricskos@gmail.com<\/p>\n\n\n\n<p>      <br><br><\/p>\n\n\n\n<p class=\"has-text-align-center has-medium-font-size\"><strong>Megtal\u00e1lhatsz minket a k\u00f6vetkez\u0151 helyeken is:<\/strong><\/p>\n\n\n\n<div class=\"wp-block-image\"><figure class=\"aligncenter is-resized\"><a href=\"https:\/\/www.facebook.com\/komiksdavidoveagolias\"><img loading=\"lazy\" src=\"https:\/\/external-content.duckduckgo.com\/iu\/?u=https%3A%2F%2Ftse1.mm.bing.net%2Fth%3Fid%3DOIP.55DCXbXlKDgEBoZhKxpzLAHaHa%26pid%3DApi&amp;f=1\" alt=\"\" width=\"88\" height=\"88\"\/><\/a><\/figure><\/div>\n\n\n\n<div class=\"wp-block-image\"><figure class=\"aligncenter is-resized\"><a href=\"https:\/\/www.youtube.com\/channel\/UCpI1I14uLtXcShtju44SY4g\"><img loading=\"lazy\" src=\"https:\/\/external-content.duckduckgo.com\/iu\/?u=https%3A%2F%2Ftse1.mm.bing.net%2Fth%3Fid%3DOIP.DBNYq0h89Ud-u9APKp1doQHaDH%26pid%3DApi&amp;f=1\" alt=\"\" width=\"130\" height=\"55\"\/><\/a><\/figure><\/div>\n\n\n\n<p class=\"has-white-color has-text-color\">Lidsk\u00e1 pr\u00e1va v \u010c\u00edn\u011b<\/p>\n\n\n\n<p class=\"has-white-color has-text-color\">Lidsk\u00e1 pr\u00e1va v \u010c\u00edn\u011b<\/p>\n\n\n\n<div class=\"wp-block-image is-style-default\"><figure class=\"aligncenter size-large is-resized\"><img loading=\"lazy\" src=\"https:\/\/www.davidsandgoliath.cz\/wp-content\/uploads\/2021\/02\/davidove_golias_komiks_cz-logo.jpg\" alt=\"\" class=\"wp-image-53\" width=\"100\" height=\"100\" srcset=\"https:\/\/www.davidsandgoliath.cz\/wp-content\/uploads\/2021\/02\/davidove_golias_komiks_cz-logo.jpg 800w, https:\/\/www.davidsandgoliath.cz\/wp-content\/uploads\/2021\/02\/davidove_golias_komiks_cz-logo-300x300.jpg 300w, https:\/\/www.davidsandgoliath.cz\/wp-content\/uploads\/2021\/02\/davidove_golias_komiks_cz-logo-150x150.jpg 150w, https:\/\/www.davidsandgoliath.cz\/wp-content\/uploads\/2021\/02\/davidove_golias_komiks_cz-logo-768x768.jpg 768w\" sizes=\"(max-width: 100px) 100vw, 100px\" \/><\/figure><\/div>\n","protected":false},"excerpt":{"rendered":"<p>Kapcsolat: Ha k\u00e9rd\u00e9sed van, k\u00e9rj\u00fck, l\u00e9pj vel\u00fcnk kapcsolatba. Hungary Dr. Fricsk\u00f3 Eszter: fricskos@gmail.com Megtal\u00e1lhatsz minket a k\u00f6vetkez\u0151 helyeken is: Lidsk\u00e1 pr\u00e1va v \u010c\u00edn\u011b Lidsk\u00e1 pr\u00e1va v \u010c\u00edn\u011b<\/p>\n","protected":false},"author":1,"featured_media":0,"parent":0,"menu_order":0,"comment_status":"closed","ping_status":"closed","template":"","meta":[],"_links":{"self":[{"href":"https:\/\/www.davidsandgoliath.cz\/index.php\/wp-json\/wp\/v2\/pages\/739"}],"collection":[{"href":"https:\/\/www.davidsandgoliath.cz\/index.php\/wp-json\/wp\/v2\/pages"}],"about":[{"href":"https:\/\/www.davidsandgoliath.cz\/index.php\/wp-json\/wp\/v2\/types\/page"}],"author":[{"embeddable":true,"href":"https:\/\/www.davidsandgoliath.cz\/index.php\/wp-json\/wp\/v2\/users\/1"}],"replies":[{"embeddable":true,"href":"https:\/\/www.davidsandgoliath.cz\/index.php\/wp-json\/wp\/v2\/comments?post=739"}],"version-history":[{"count":4,"href":"https:\/\/www.davidsandgoliath.cz\/index.php\/wp-json\/wp\/v2\/pages\/739\/revisions"}],"predecessor-version":[{"id":950,"href":"https:\/\/www.davidsandgoliath.cz\/index.php\/wp-json\/wp\/v2\/pages\/739\/revisions\/950"}],"wp:attachment":[{"href":"https:\/\/www.davidsandgoliath.cz\/index.php\/wp-json\/wp\/v2\/media?parent=739"}],"curies":[{"name":"wp","href":"https:\/\/api.w.org\/{rel}","templated":true}]}}