{"id":737,"date":"2021-04-02T17:44:12","date_gmt":"2021-04-02T17:44:12","guid":{"rendered":"http:\/\/www.davidsandgoliath.cz\/?page_id=737"},"modified":"2021-08-05T11:25:22","modified_gmt":"2021-08-05T11:25:22","slug":"kozossegi-finanszirozas","status":"publish","type":"page","link":"https:\/\/www.davidsandgoliath.cz\/index.php\/hu\/kozossegi-finanszirozas\/","title":{"rendered":"K\u00f6z\u00f6ss\u00e9gi finansz\u00edroz\u00e1s"},"content":{"rendered":"\n<p>     <br><br><\/p>\n\n\n\n<h2 class=\"has-text-align-center\"><strong>Szeretn\u00e9d t\u00e1mogatni a projektet?<\/strong><\/h2>\n\n\n\n<h2 class=\"has-text-align-center\">Hozz\u00e1j\u00e1rulhatsz a k\u00e9preg\u00e9nyelk\u00e9sz\u00edt\u00e9s\u00e9hez \u00e9s \u00e9rdekes jutalmakban r\u00e9szes\u00fclhetsz:<\/h2>\n\n\n\n<h2 class=\"has-text-align-center\"><strong>\u00c9rkezett adom\u00e1nyok: <\/strong>3 537 EURO<strong> | Sz\u00fcks\u00e9g\u00fcnk van: <\/strong>13 692 EURO<\/h2>\n\n\n\n<p class=\"has-white-color has-text-color\">Lidsk\u00e1 pr\u00e1va v \u010c\u00edn\u011bDarovali jste <\/p>\n\n\n\n<h2 class=\"has-text-align-center\"><strong><br>Hov\u00e1 k\u00fcldheted az adom\u00e1nyt?<\/strong><\/h2>\n\n\n\n<h2 class=\"has-text-align-center\">Sz\u00e1mlasz\u00e1m: 2601233407 \/ 2010 (eur\u00f3ban)<\/h2>\n\n\n\n<p class=\"has-text-align-center has-medium-font-size\">Adjon meg egy egyedi sz\u00e1mk\u00f3dot: 1234321&nbsp;<\/p>\n\n\n\n<p class=\"has-text-align-center has-medium-font-size\">Az \u00fczenetben adja meg a jutalom K\u00d3D -j\u00e1t \u00e9s az email c\u00edm\u00e9t <br>(pl. PHOTO,&nbsp;richard@yahoo.com)<\/p>\n\n\n\n<p class=\"has-text-align-center has-medium-font-size\">K\u00fclf\u00f6ldre utal\u00e1s eset\u00e9n t\u00fcntesse fel a k\u00f6vetkez\u0151ket: <\/p>\n\n\n\n<p class=\"has-text-align-center has-medium-font-size\">IBAN: CZ0920100000002601233407<\/p>\n\n\n\n<p class=\"has-text-align-center has-medium-font-size\">BIC\/SWIFT: FIOBCZPPXXX<\/p>\n\n\n\n<hr class=\"wp-block-separator\"\/>\n\n\n\n<h2 style=\"font-size:40px\"><strong>Jutalmak:<\/strong><\/h2>\n\n\n\n<p class=\"has-white-color has-text-color\">Hozz\u00e1j\u00e1rulhatsz a k\u00e9preg\u00e9nyelk\u00e9sz\u00edt\u00e9s\u00e9hez \u00e9s \u00e9rdekes jutalmakban r\u00e9szes\u00fclhetsz<\/p>\n\n\n\n<h3><strong>1) Rajong\u00f3 vagyok!<\/strong> (k\u00f6zrem\u0171k\u00f6dik 6)<\/h3>\n\n\n\n<p class=\"has-medium-font-size\">T\u00e1mogatni szeretn\u00e9d ezt a projektet, \u00e9s inform\u00e1ci\u00f3t szeretn\u00e9l kapni a projekt fejl\u0151d\u00e9s\u00e9r\u0151l? Akkor k\u00fcldj nek\u00fcnk b\u00e1rmilyen \u00f6sszeget \u00e9s egy e-mail c\u00edmet. \u00daj v\u00e1zlatokat, k\u00e9peket \u00e9s h\u00edreket k\u00fcld\u00fcnk a fejlem\u00e9nyekr\u0151l.<\/p>\n\n\n\n<p style=\"font-size:40px\"><strong>B\u00e1rmilyen \u00f6sszeg, &#8211; EURO<\/strong><\/p>\n\n\n\n<p class=\"has-medium-font-size\">K\u00d3D: FAN(EN)<\/p>\n\n\n\n<hr class=\"wp-block-separator\"\/>\n\n\n\n<h3><strong>2) K\u00f6sz\u00f6net poszter<\/strong><\/h3>\n\n\n\n<p class=\"has-medium-font-size\">T\u00e1mogasd a k\u00e9preg\u00e9ny elk\u00e9sz\u00edt\u00e9s\u00e9t, \u00e9s egy plak\u00e1ttal k\u00f6sz\u00f6nj\u00fck meg, amellyel d\u00edsz\u00edtheted munka k\u00f6rnyezeted. Term\u00e9szetesen folyamatosan t\u00e1j\u00e9koztatunk az eg\u00e9sz projekt fejleszt\u00e9s\u00e9r\u0151l.<br><br>MEGJEGYZ\u00c9S: Az e-mail c\u00edmedre k\u00fcldj\u00fck el. <\/p>\n\n\n\n<p style=\"font-size:40px\"><strong>8, &#8211; EURO<\/strong><\/p>\n\n\n\n<p class=\"has-medium-font-size\">K\u00d3D: POSTER<\/p>\n\n\n\n<hr class=\"wp-block-separator\"\/>\n\n\n\n<h3><strong>3) Megrendelem a k\u00e9preg\u00e9nyt elektronikus form\u00e1tumban <\/strong>(megrendel 4)<\/h3>\n\n\n\n<div class=\"wp-block-image is-style-default\"><figure class=\"alignright size-large is-resized\"><img loading=\"lazy\" src=\"https:\/\/www.davidsandgoliath.cz\/wp-content\/uploads\/2021\/03\/titulni-strana-komiksem-proti-totalite-vysetrovani-v-cine-1-706x1024.jpg\" alt=\"\" class=\"wp-image-519\" width=\"324\" height=\"469\" srcset=\"https:\/\/www.davidsandgoliath.cz\/wp-content\/uploads\/2021\/03\/titulni-strana-komiksem-proti-totalite-vysetrovani-v-cine-1-706x1024.jpg 706w, https:\/\/www.davidsandgoliath.cz\/wp-content\/uploads\/2021\/03\/titulni-strana-komiksem-proti-totalite-vysetrovani-v-cine-1-207x300.jpg 207w, https:\/\/www.davidsandgoliath.cz\/wp-content\/uploads\/2021\/03\/titulni-strana-komiksem-proti-totalite-vysetrovani-v-cine-1-768x1114.jpg 768w, https:\/\/www.davidsandgoliath.cz\/wp-content\/uploads\/2021\/03\/titulni-strana-komiksem-proti-totalite-vysetrovani-v-cine-1-1059x1536.jpg 1059w, https:\/\/www.davidsandgoliath.cz\/wp-content\/uploads\/2021\/03\/titulni-strana-komiksem-proti-totalite-vysetrovani-v-cine-1.jpg 1301w\" sizes=\"(max-width: 324px) 100vw, 324px\" \/><\/figure><\/div>\n\n\n\n<p class=\"has-medium-font-size\">Szeretn\u00e9d megszerezni a k\u00e9preg\u00e9ny egyik els\u0151 p\u00e9ld\u00e1ny\u00e1t? Akkor k\u00fcldj nek\u00fcnk hozz\u00e1j\u00e1rul\u00e1st a k\u00e9preg\u00e9ny l\u00e9trehoz\u00e1s\u00e1hoz \u00e9s egy e-mail c\u00edmet. El\u0151jegyz\u00e9sbe ker\u00fclsz, \u00e9s amikor elk\u00e9sz\u00edtj\u00fck \u00e9s kinyomtatjuk a k\u00e9preg\u00e9nyeket, akkor els\u0151k\u00e9nt kapod meg. Addig folyamatosan t\u00e1j\u00e9koztatunk a projekt el\u0151rehalad\u00e1s\u00e1r\u00f3l.<br><br>B\u00d3NUSZ: Csak az elad\u00e1skor \u00e9rt\u00e9kes\u00edtett k\u00e9preg\u00e9nyek tartalmaznak egyedi posztert. Hogy milyen lesz, az meglepet\u00e9s.<br><br>MEGJEGYZ\u00c9S: Most m\u00e1r csak elektronikus v\u00e1ltozatban tudjuk terjeszteni a vil\u00e1gon. <\/p>\n\n\n\n<p style=\"font-size:40px\"><strong>23, &#8211; EURO<\/strong><\/p>\n\n\n\n<p class=\"has-medium-font-size\">K\u00d3D: COMICS(HU)<\/p>\n\n\n\n<hr class=\"wp-block-separator\"\/>\n\n\n\n<h3><strong>4) A k\u00f6nyv &#8211;&nbsp; Hogyan k\u00e9sz\u00fclt a k\u00e9preg\u00e9ny<\/strong> (megrendel 3)<\/h3>\n\n\n\n<div class=\"wp-block-image is-style-default\"><figure class=\"alignright size-large is-resized\"><img loading=\"lazy\" src=\"https:\/\/www.davidsandgoliath.cz\/wp-content\/uploads\/2021\/03\/kniha-jak-se-vytvarel-komiks-Davidove-a-Golias-1024x919.jpg\" alt=\"\" class=\"wp-image-700\" width=\"324\" height=\"289\"\/><figcaption>A k\u00f6nyv &#8211;&nbsp; Hogyan k\u00e9sz\u00fclt a k\u00e9preg\u00e9ny.<\/figcaption><\/figure><\/div>\n\n\n\n<p class=\"has-medium-font-size\">K\u00fcld\u00fcnk neked egy e-k\u00f6nyvet, amely v\u00e1zlatokat, k\u00e9peket \u00e9s t\u00f6rt\u00e9neteket tartalmaz a k\u00e9preg\u00e9ny k\u00e9sz\u00edt\u00e9s\u00e9nek m\u00f3dj\u00e1r\u00f3l. Az alkot\u00f3k megfigyel\u00e9seit \u00e9s tapasztalatait, valamint a t\u00f6rt\u00e9net egyes szerepl\u0151inek val\u00f3s f\u00e9nyk\u00e9peit is tartalmazza. A k\u00f6nyvet a teljes k\u00e9preg\u00e9ny elk\u00e9sz\u00edt\u00e9se sor\u00e1n fogjuk l\u00e9trehozni. Am\u00edg a k\u00f6nyv elk\u00e9sz\u00fcl, folyamatosan t\u00e1j\u00e9koztatunk a projekt el\u0151rehalad\u00e1s\u00e1r\u00f3l.<\/p>\n\n\n\n<p class=\"has-medium-font-size\">MEGJEGYZ\u00c9S: A k\u00f6nyvet PDF form\u00e1tumban k\u00fcldj\u00fck el az e-mail c\u00edmedre.<\/p>\n\n\n\n<p style=\"font-size:40px\"><strong><strong><strong>38 EUR<\/strong><\/strong>O<\/strong><\/p>\n\n\n\n<p class=\"has-medium-font-size\">K\u00d3D: BOOK(HU)<\/p>\n\n\n\n<hr class=\"wp-block-separator\"\/>\n\n\n\n<h3><strong>5) Szeretn\u00e9k egy f\u00e9nyk\u00e9pet, amelyet azoknyomoz\u00f3k saj\u00e1t kez\u0171leg \u00edrtak al\u00e1<\/strong> (megrendel 2 )<\/h3>\n\n\n\n<div class=\"wp-block-image is-style-default\"><figure class=\"alignright size-large is-resized\"><img loading=\"lazy\" src=\"https:\/\/www.davidsandgoliath.cz\/wp-content\/uploads\/2021\/03\/kilgour-matas-gutmann-1024x683.jpg\" alt=\"\" class=\"wp-image-462\" width=\"416\" height=\"277\" srcset=\"https:\/\/www.davidsandgoliath.cz\/wp-content\/uploads\/2021\/03\/kilgour-matas-gutmann-1024x683.jpg 1024w, https:\/\/www.davidsandgoliath.cz\/wp-content\/uploads\/2021\/03\/kilgour-matas-gutmann-300x200.jpg 300w, https:\/\/www.davidsandgoliath.cz\/wp-content\/uploads\/2021\/03\/kilgour-matas-gutmann-768x512.jpg 768w, https:\/\/www.davidsandgoliath.cz\/wp-content\/uploads\/2021\/03\/kilgour-matas-gutmann.jpg 1200w\" sizes=\"(max-width: 416px) 100vw, 416px\" \/><figcaption>London 2014: David Kilgour, kor\u00e1bbi kanadai k\u00fcl\u00fcgyminiszter. David Matas, kanadai \u00fcgyv\u00e9d. Ethan Gutmann amerikai publicista \u00e9s \u00edr\u00f3. (Photograph: \u00a9 Si Gross)<\/figcaption><\/figure><\/div>\n\n\n\n<p class=\"has-medium-font-size\">Szeretn\u00e9d megszerezni a 20 f\u00e9nyk\u00e9p egyik\u00e9t, amelyeket k\u00e9zzel \u00edrtak al\u00e1 az oknyomoz\u00f3k? Akkor k\u00fcldj nek\u00fcnk hozz\u00e1j\u00e1rul\u00e1st a k\u00e9preg\u00e9ny l\u00e9trehoz\u00e1s\u00e1hoz \u00e9s egy e-mail c\u00edmet. Amint megkapjuk a bejegyz\u00e9st \u00e9s az e-mailt, elk\u00fcldj\u00fck neked a f\u00e9nyk\u00e9pet. A Simon Gross \u00e1ltal k\u00e9sz\u00edtett k\u00e9pen l\u00e1that\u00f3: David Kilgour volt kanadai k\u00fcl\u00fcgyminiszter, David Matas \u00fcgyv\u00e9d \u00e9s Ethan Gutmann nyomoz\u00f3riporter. Munk\u00e1juk\u00e9rt mindh\u00e1rmukat Nobel-b\u00e9ked\u00edjra jel\u00f6lt\u00e9k.<br><br>MEGJEGYZ\u00c9S: K\u00fcldhetj\u00fck az eg\u00e9sz vil\u00e1gon b\u00e1rhova.<\/p>\n\n\n\n<p style=\"font-size:40px\"><strong><strong>231 EUR<\/strong>O<\/strong><\/p>\n\n\n\n<p class=\"has-medium-font-size\">K\u00d3D: PHOTO<\/p>\n\n\n\n<hr class=\"wp-block-separator\"\/>\n\n\n\n<h3><strong>6) Elk\u00e9sz\u00edtj\u00fck k\u00e9preg\u00e9ny st\u00edlusban a portr\u00e9dat<\/strong> (megrendel 2 )<\/h3>\n\n\n\n<div class=\"wp-block-image is-style-default\"><figure class=\"alignright size-large is-resized\"><img loading=\"lazy\" src=\"https:\/\/www.davidsandgoliath.cz\/wp-content\/uploads\/2021\/03\/Komiks-Davidove-a-Golias-kresba-David-Kilgour-lidska-prava-v-cine.jpg\" alt=\"\" class=\"wp-image-480\" width=\"271\" height=\"382\" srcset=\"https:\/\/www.davidsandgoliath.cz\/wp-content\/uploads\/2021\/03\/Komiks-Davidove-a-Golias-kresba-David-Kilgour-lidska-prava-v-cine.jpg 386w, https:\/\/www.davidsandgoliath.cz\/wp-content\/uploads\/2021\/03\/Komiks-Davidove-a-Golias-kresba-David-Kilgour-lidska-prava-v-cine-213x300.jpg 213w\" sizes=\"(max-width: 271px) 100vw, 271px\" \/><\/figure><\/div>\n\n\n\n<p class=\"has-medium-font-size\">Csak t\u00edz nagylelk\u0171 adom\u00e1nyoz\u00f3nak k\u00edn\u00e1lunk lehet\u0151s\u00e9get arra, hogy a k\u00e9preg\u00e9ny alkot\u00f3i megrajzolnak t\u00e9ged a mell\u00e9kelt f\u00e9nyk\u00e9pekr\u0151l. Egy egyedi, megb\u00edz\u00e1si st\u00edlus\u00fa portr\u00e9t kapsz nyomtat\u00e1si min\u0151s\u00e9gben, \u00edgy b\u00e1rmilyen anyagra kinyomtathatod. Nem csak a k\u00e9sz portr\u00e9t, hanem a v\u00e1zlat\u00e1t is megkapod. Csak k\u00fcldd el a felt\u00fcntetett \u00f6sszeg\u0171 adom\u00e1nyt \u00e9s az e-mail c\u00edmed.<br><br>MEGJEGYZ\u00c9S: Az e-mail c\u00edmedre k\u00fcldj\u00fck el.<br><br><strong>231, &#8211; EURO<\/strong><br><br>K\u00d3D: PORTR\u00c9<\/p>\n\n\n\n<hr class=\"wp-block-separator\"\/>\n\n\n\n<h3><strong>7) Teljes oldalas hirdet\u00e9si fel\u00fclet a k\u00e9preg\u00e9nyben<\/strong><\/h3>\n\n\n\n<p class=\"has-medium-font-size\">Teljes oldalas hirdet\u00e9si helyet k\u00edn\u00e1lunk a k\u00e9preg\u00e9ny angol nyelv\u0171 v\u00e1ltozat\u00e1ban (ma m\u00e1r csak elektronikus v\u00e1ltozat). 2 oldalunk van: a 2. \u00e9s az utols\u00f3 el\u0151tti 51. oldal. A rekl\u00e1m tartalm\u00e1nak meg kell felelnie etikai norm\u00e1inknak.<br><br>MEGJEGYZ\u00c9S: K\u00fcld nek\u00fcnk e-mailt, \u00e9s mi kidolgozzuk a r\u00e9szleteket.<\/p>\n\n\n\n<p style=\"font-size:40px\"><strong>462, &#8211; EURO<\/strong><\/p>\n\n\n\n<p class=\"has-medium-font-size\">K\u00d3D: HIRDET\u00c9S<\/p>\n\n\n\n<p class=\"has-white-color has-text-color\">Pron\u00e1sledov\u00e1n\u00ed Falun Gongu, k\u0159es\u0165an\u016f, Ujgur\u016f a Tibe\u0165an\u016f<\/p>\n\n\n\n<h2 class=\"has-text-align-center\"><strong><br>Hov\u00e1 k\u00fcldheted az adom\u00e1nyt?<\/strong><\/h2>\n\n\n\n<h2 class=\"has-text-align-center\">Sz\u00e1mlasz\u00e1m: 2601233407 \/ 2010 (eur\u00f3ban)<\/h2>\n\n\n\n<p class=\"has-text-align-center has-medium-font-size\">Adjon meg egy egyedi sz\u00e1mk\u00f3dot: 1234321&nbsp;<\/p>\n\n\n\n<p class=\"has-text-align-center has-medium-font-size\">Az \u00fczenetben adja meg a jutalom K\u00d3D -j\u00e1t \u00e9s az email c\u00edm\u00e9t <br>(pl. PHOTO,&nbsp;richard@yahoo.com)<\/p>\n\n\n\n<p class=\"has-text-align-center has-medium-font-size\">K\u00fclf\u00f6ldre utal\u00e1s eset\u00e9n t\u00fcntesse fel a k\u00f6vetkez\u0151ket: <\/p>\n\n\n\n<p class=\"has-text-align-center has-medium-font-size\">IBAN: CZ0920100000002601233407<\/p>\n\n\n\n<p class=\"has-text-align-center has-medium-font-size\">BIC\/SWIFT: FIOBCZPPXXX<\/p>\n\n\n\n<p class=\"has-white-color has-text-color\">D\u011bkujeme V\u00e1m za podporu<\/p>\n\n\n\n<h2 class=\"has-text-align-center\"><strong>K\u00f6sz\u00f6nj\u00fck a tamogat\u00e1st!<\/strong><\/h2>\n\n\n\n<h2 class=\"has-text-align-center\">Nektek k\u00f6sz\u00f6nhet\u0151en k\u00e9pesek lesz\u00fcnk befejezni \u00e9s k\u00f6zz\u00e9tenni a k\u00e9preg\u00e9nyeket.<\/h2>\n\n\n\n<p class=\"has-white-color has-text-color\">hhhD\u011bkujeme V\u00e1m za podporu<br><br><\/p>\n\n\n\n<div id=\"block-9bf17bff-f26d-40f0-a971-3ae0a5c0a92b\" class=\"wp-block-image is-style-default\"><figure class=\"aligncenter is-resized\"><img loading=\"lazy\" src=\"https:\/\/www.davidsandgoliath.cz\/wp-content\/uploads\/2021\/02\/davidove_golias_komiks_cz-logo-3.jpg\" alt=\"Tento obr\u00e1zek nem\u00e1 vypln\u011bn\u00fd atribut alt; n\u00e1zev souboru je davidove_golias_komiks_cz-logo-3.jpg.\" width=\"100\" height=\"100\"\/><\/figure><\/div>\n\n\n\n<p><\/p>\n\n\n\n<p><\/p>\n","protected":false},"excerpt":{"rendered":"<p>Szeretn\u00e9d t\u00e1mogatni a projektet? Hozz\u00e1j\u00e1rulhatsz a k\u00e9preg\u00e9nyelk\u00e9sz\u00edt\u00e9s\u00e9hez \u00e9s \u00e9rdekes jutalmakban r\u00e9szes\u00fclhetsz: \u00c9rkezett adom\u00e1nyok: 3 537 EURO | Sz\u00fcks\u00e9g\u00fcnk van: 13 692 EURO Lidsk\u00e1 pr\u00e1va v \u010c\u00edn\u011bDarovali jste Hov\u00e1 k\u00fcldheted az adom\u00e1nyt? Sz\u00e1mlasz\u00e1m: 2601233407 \/ 2010 (eur\u00f3ban) Adjon meg egy egyedi sz\u00e1mk\u00f3dot: 1234321&nbsp; Az \u00fczenetben adja meg a jutalom K\u00d3D -j\u00e1t \u00e9s az email c\u00edm\u00e9t (pl. &hellip;<\/p>\n<p class=\"read-more\"> <a class=\"\" href=\"https:\/\/www.davidsandgoliath.cz\/index.php\/hu\/kozossegi-finanszirozas\/\"> <span class=\"screen-reader-text\">K\u00f6z\u00f6ss\u00e9gi finansz\u00edroz\u00e1s<\/span> Pokra\u010dovat ve \u010dten\u00ed &raquo;<\/a><\/p>\n","protected":false},"author":1,"featured_media":0,"parent":0,"menu_order":0,"comment_status":"closed","ping_status":"closed","template":"","meta":[],"_links":{"self":[{"href":"https:\/\/www.davidsandgoliath.cz\/index.php\/wp-json\/wp\/v2\/pages\/737"}],"collection":[{"href":"https:\/\/www.davidsandgoliath.cz\/index.php\/wp-json\/wp\/v2\/pages"}],"about":[{"href":"https:\/\/www.davidsandgoliath.cz\/index.php\/wp-json\/wp\/v2\/types\/page"}],"author":[{"embeddable":true,"href":"https:\/\/www.davidsandgoliath.cz\/index.php\/wp-json\/wp\/v2\/users\/1"}],"replies":[{"embeddable":true,"href":"https:\/\/www.davidsandgoliath.cz\/index.php\/wp-json\/wp\/v2\/comments?post=737"}],"version-history":[{"count":19,"href":"https:\/\/www.davidsandgoliath.cz\/index.php\/wp-json\/wp\/v2\/pages\/737\/revisions"}],"predecessor-version":[{"id":1052,"href":"https:\/\/www.davidsandgoliath.cz\/index.php\/wp-json\/wp\/v2\/pages\/737\/revisions\/1052"}],"wp:attachment":[{"href":"https:\/\/www.davidsandgoliath.cz\/index.php\/wp-json\/wp\/v2\/media?parent=737"}],"curies":[{"name":"wp","href":"https:\/\/api.w.org\/{rel}","templated":true}]}}