{"id":731,"date":"2021-04-02T17:19:02","date_gmt":"2021-04-02T17:19:02","guid":{"rendered":"http:\/\/www.davidsandgoliath.cz\/?page_id=731"},"modified":"2021-07-22T11:47:22","modified_gmt":"2021-07-22T11:47:22","slug":"home-2","status":"publish","type":"page","link":"https:\/\/www.davidsandgoliath.cz\/index.php\/hu\/home-2\/","title":{"rendered":"C\u00edmlap"},"content":{"rendered":"\n<h2 class=\"has-text-align-center has-black-color has-white-background-color has-text-color has-background\" style=\"font-size:30px\">            <strong>K\u00e9preg\u00e9nyes t\u00f6rt\u00e9nelmi fikci\u00f3 &#8211; megt\u00f6rt\u00e9nt <a rel=\"noreferrer noopener\" href=\"https:\/\/www.davidsandgoliath.cz\/index.php\/hu\/comics-2\/\" target=\"_blank\">esem\u00e9nyek alapj\u00e1n\u2026<\/a><\/strong><\/h2>\n\n\n\n<figure class=\"wp-block-image alignfull size-large is-style-default\"><a href=\"https:\/\/www.davidsandgoliath.cz\/index.php\/hu\/kozossegi-finanszirozas\/\"><img loading=\"lazy\" width=\"1024\" height=\"716\" src=\"https:\/\/www.davidsandgoliath.cz\/wp-content\/uploads\/2021\/02\/plakat-komiks-davidove-a-golias-zmenseny-2-1024x716.jpg\" alt=\"\" class=\"wp-image-134\" srcset=\"https:\/\/www.davidsandgoliath.cz\/wp-content\/uploads\/2021\/02\/plakat-komiks-davidove-a-golias-zmenseny-2-1024x716.jpg 1024w, https:\/\/www.davidsandgoliath.cz\/wp-content\/uploads\/2021\/02\/plakat-komiks-davidove-a-golias-zmenseny-2-300x210.jpg 300w, https:\/\/www.davidsandgoliath.cz\/wp-content\/uploads\/2021\/02\/plakat-komiks-davidove-a-golias-zmenseny-2-768x537.jpg 768w, https:\/\/www.davidsandgoliath.cz\/wp-content\/uploads\/2021\/02\/plakat-komiks-davidove-a-golias-zmenseny-2-1536x1075.jpg 1536w, https:\/\/www.davidsandgoliath.cz\/wp-content\/uploads\/2021\/02\/plakat-komiks-davidove-a-golias-zmenseny-2-2048x1433.jpg 2048w\" sizes=\"(max-width: 1024px) 100vw, 1024px\" \/><\/a><\/figure>\n\n\n\n<p class=\"has-white-color has-text-color\">Human rights in China<\/p>\n\n\n\n<h2 class=\"has-text-align-left\"><strong><strong>A projektr\u0151l<\/strong><\/strong><\/h2>\n\n\n\n<p class=\"has-medium-font-size\">Ez egy k\u00e9preg\u00e9ny projekt, amely ebben a n\u00e9pszer\u0171 form\u00e1ban igyekszik felh\u00edvni a figyelmet alelkiismereti foglyokon elk\u00f6vetett t\u00f6meges vissza\u00e9l\u00e9sekre K\u00edn\u00e1ban, amelyet az er\u0151szakos szervtranszplant\u00e1ci\u00f3kkal k\u00f6vetnek el. Szeretn\u00e9nk m\u0171v\u00e9szeti m\u00f3dszerekkel bemutatni egy val\u00f3s esem\u00e9nyeken alapul\u00f3 nemzetk\u00f6zi nyomoz\u00e1s t\u00f6rt\u00e9net\u00e9t. Miben szeretn\u00e9nk v\u00e1ltoz\u00e1st el\u00e9rni? Az emberek k\u00f6z\u00f6mb\u00f6ss\u00e9g\u00e9n a gonosszal kapcsolatban, c\u00e9lunk az \u00e9rdekl\u0151d\u00e9s felkelt\u00e9se \u00e9s az ap\u00e1tia eloszlat\u00e1sa. \u00c9s mi az amin v\u00e1ltoztatni tud, ha t\u00e1mogatja a projektet? <em><a href=\"https:\/\/www.davidsandgoliath.cz\/index.php\/hu\/tamogatok\/\">Tov\u00e1bb\u2026<\/a><\/em><\/p>\n\n\n\n<div class=\"wp-block-image\"><figure class=\"aligncenter size-large is-resized\"><a href=\"https:\/\/www.davidsandgoliath.cz\/index.php\/hu\/kozossegi-finanszirozas\/\"><img loading=\"lazy\" src=\"https:\/\/www.davidsandgoliath.cz\/wp-content\/uploads\/2021\/04\/Szeretned-tamogatni-a-projektet.png\" alt=\"\" class=\"wp-image-782\" width=\"333\" height=\"91\" srcset=\"https:\/\/www.davidsandgoliath.cz\/wp-content\/uploads\/2021\/04\/Szeretned-tamogatni-a-projektet.png 419w, https:\/\/www.davidsandgoliath.cz\/wp-content\/uploads\/2021\/04\/Szeretned-tamogatni-a-projektet-300x82.png 300w\" sizes=\"(max-width: 333px) 100vw, 333px\" \/><\/a><\/figure><\/div>\n\n\n\n<h2><strong><strong>A t\u00f6rt\u00e9net menete<\/strong><\/strong><\/h2>\n\n\n\n<p class=\"has-medium-font-size\">Elk\u00e9sz\u00edtett\u00fck a forgat\u00f3k\u00f6nyvet \u00e9s az els\u0151 rajzokat a k\u00e9preg\u00e9nyhez, amelyben t\u00f6bb mint egy tucatnyi karakter jelenik meg val\u00f3s emberekr\u0151l mint\u00e1zva. \u0150k r\u00e9szt vettek a K\u00edn\u00e1ban t\u00f6rt\u00e9nt s\u00falyos b\u0171ncselekm\u00e9nyek kivizsg\u00e1l\u00e1s\u00e1ban. K\u00f6z\u00fcl\u00fck h\u00e1rmukat a Nobel-b\u00e9ked\u00edjra jel\u00f6lt\u00e9k.<\/p>\n\n\n\n<p class=\"has-medium-font-size\">A t\u00f6rt\u00e9net 2006-ban kezd\u0151dik. Egy l\u00e1ny sors\u00e1t k\u00f6veti v\u00e9gig, aki a k\u00f6r\u00fclm\u00e9nyek okozta nyom\u00e1s hat\u00e1s\u00e1ra seg\u00edts\u00e9get k\u00e9r egy szerv\u00e1t\u00fcltet\u00e9ssel foglakoz\u00f3 szolg\u00e1ltat\u00f3t\u00f3l egy k\u00ednai k\u00f3rh\u00e1zban. K\u00edn\u00e1ba rep\u00fcl, sz\u00edv transzplant\u00e1ci\u00f3ra egy nagy \u00f6sszeg\u00e9rt. A k\u00f3rh\u00e1z el\u0151tt v\u00e9letlen\u00fcl egy \u00fajs\u00e1g\u00edr\u00f3ba botlik, aki bizony\u00edt\u00e9kokat keres a titokzatos H5N1 mad\u00e1rinfluenza j\u00e1rv\u00e1nyr\u00f3l. A nyomoz\u00e1s sor\u00e1n v\u00e9letlen\u00fcl felfedez egy t\u00f6bb ezer rabot \u0151rz\u0151 fogolyt\u00e1bort, amely a k\u00f3rh\u00e1zhoz tartozik.<\/p>\n\n\n\n<p class=\"has-medium-font-size\">Egy vesz\u00e9lyes nyomoz\u00e1s veszi kezdet\u00e9t, amely egy m\u00e9g veszedelmesebb igazs\u00e1got t\u00e1r fel. <em><a href=\"https:\/\/www.davidsandgoliath.cz\/index.php\/hu\/kepregeny\/\">Tov\u00e1bb\u2026<\/a><\/em><\/p>\n\n\n\n<h2><strong><strong>Forr\u00e1sok<\/strong><\/strong><\/h2>\n\n\n\n<p class=\"has-medium-font-size\">Az al\u00e1bbiakban sz\u00e1mos forr\u00e1st, vizsg\u00e1lati jelent\u00e9st \u00e9s referenci\u00e1t mutatunk be, amelyek K\u00edn\u00e1ban a lelkiismereti foglyokon elk\u00f6vetett szerv\u00e1t\u00fcltet\u00e9sekkel val\u00f3 vissza\u00e9l\u00e9sek eseteivel foglalkoznak:<\/p>\n\n\n\n<p class=\"has-medium-font-size\">\u2026\u2026\u2026\u2026\u2026\u2026\u2026\u2026\u2026..&nbsp;<a rel=\"noreferrer noopener\" href=\"https:\/\/endtransplantabuse.org\/\" target=\"_blank\">ETAC &#8211; International Coalition of Investigators<\/a><\/p>\n\n\n\n<p class=\"has-medium-font-size\">\u2026\u2026\u2026\u2026\u2026\u2026\u2026\u2026\u2026..&nbsp;<a rel=\"noreferrer noopener\" href=\"https:\/\/chinatribunal.com\/\" target=\"_blank\">International Judicial Tribunal in London (2019)<\/a><\/p>\n\n\n\n<p class=\"has-medium-font-size\">\u2026\u2026\u2026\u2026\u2026\u2026\u2026\u2026\u2026..&nbsp;<a rel=\"noreferrer noopener\" href=\"https:\/\/endtransplantabuse.org\/books\/\" target=\"_blank\">Bloody Harvest &#8211; investigative Report (2006-2009)<\/a><\/p>\n\n\n\n<p class=\"has-medium-font-size\">\u2026\u2026\u2026\u2026\u2026\u2026\u2026\u2026\u2026..&nbsp;<a rel=\"noreferrer noopener\" href=\"https:\/\/www.amazon.com\/Slaughter-Killings-Harvesting-Solution-Dissident-ebook\/dp\/B00IHMBO6M\/ref=sr_1_1?dchild=1&amp;keywords=the%20slaughter%20gutmann&amp;qid=1612180513&amp;s=movies-tv&amp;sr=1-1&amp;fbclid=IwAR3e7wML5oOCq2RSrsv3xRIf2ryW2uvkw4uVJfHlwvOZ-O4FsAZ3E8KKjpY\" target=\"_blank\">The Slaughter &#8211; seven years of field research (2014)<\/a><\/p>\n\n\n\n<p class=\"has-medium-font-size\">\u2026\u2026\u2026\u2026\u2026\u2026\u2026\u2026\u2026..&nbsp;<a rel=\"noreferrer noopener\" href=\"https:\/\/endtransplantabuse.org\/an-update\/\" target=\"_blank\">Summary investigative Report &#8211; B.H.S. An Update (2016)<\/a><\/p>\n\n\n\n<p class=\"has-medium-font-size\">\u2026\u2026\u2026\u2026\u2026\u2026\u2026\u2026\u2026..&nbsp;<a rel=\"noreferrer noopener\" href=\"https:\/\/www.chinaorganharvest.org\/global-response\/\" target=\"_blank\">International Response to Investigation Reports &#8211; Summary (COHRC)<\/a><\/p>\n\n\n\n<p class=\"has-white-color has-text-color\">Human rights in China<\/p>\n\n\n\n<div class=\"wp-block-image is-style-default\"><figure class=\"aligncenter size-large is-resized\"><a href=\"https:\/\/www.davidsandgoliath.cz\/index.php\/en\/home\/\"><img src=\"https:\/\/www.davidsandgoliath.cz\/wp-content\/uploads\/2021\/02\/davidove_golias_komiks_cz-logo-4.jpg\" alt=\"\" class=\"wp-image-113\" width=\"100\" srcset=\"https:\/\/www.davidsandgoliath.cz\/wp-content\/uploads\/2021\/02\/davidove_golias_komiks_cz-logo-4.jpg 800w, https:\/\/www.davidsandgoliath.cz\/wp-content\/uploads\/2021\/02\/davidove_golias_komiks_cz-logo-4-300x300.jpg 300w, https:\/\/www.davidsandgoliath.cz\/wp-content\/uploads\/2021\/02\/davidove_golias_komiks_cz-logo-4-150x150.jpg 150w, https:\/\/www.davidsandgoliath.cz\/wp-content\/uploads\/2021\/02\/davidove_golias_komiks_cz-logo-4-768x768.jpg 768w\" sizes=\"(max-width: 800px) 100vw, 800px\" \/><\/a><\/figure><\/div>\n","protected":false},"excerpt":{"rendered":"<p>K\u00e9preg\u00e9nyes t\u00f6rt\u00e9nelmi fikci\u00f3 &#8211; megt\u00f6rt\u00e9nt esem\u00e9nyek alapj\u00e1n\u2026 Human rights in China A projektr\u0151l Ez egy k\u00e9preg\u00e9ny projekt, amely ebben a n\u00e9pszer\u0171 form\u00e1ban igyekszik felh\u00edvni a figyelmet alelkiismereti foglyokon elk\u00f6vetett t\u00f6meges vissza\u00e9l\u00e9sekre K\u00edn\u00e1ban, amelyet az er\u0151szakos szervtranszplant\u00e1ci\u00f3kkal k\u00f6vetnek el. Szeretn\u00e9nk m\u0171v\u00e9szeti m\u00f3dszerekkel bemutatni egy val\u00f3s esem\u00e9nyeken alapul\u00f3 nemzetk\u00f6zi nyomoz\u00e1s t\u00f6rt\u00e9net\u00e9t. Miben szeretn\u00e9nk v\u00e1ltoz\u00e1st el\u00e9rni? Az emberek &hellip;<\/p>\n<p class=\"read-more\"> <a class=\"\" href=\"https:\/\/www.davidsandgoliath.cz\/index.php\/hu\/home-2\/\"> <span class=\"screen-reader-text\">C\u00edmlap<\/span> Pokra\u010dovat ve \u010dten\u00ed &raquo;<\/a><\/p>\n","protected":false},"author":1,"featured_media":0,"parent":0,"menu_order":0,"comment_status":"closed","ping_status":"closed","template":"","meta":[],"_links":{"self":[{"href":"https:\/\/www.davidsandgoliath.cz\/index.php\/wp-json\/wp\/v2\/pages\/731"}],"collection":[{"href":"https:\/\/www.davidsandgoliath.cz\/index.php\/wp-json\/wp\/v2\/pages"}],"about":[{"href":"https:\/\/www.davidsandgoliath.cz\/index.php\/wp-json\/wp\/v2\/types\/page"}],"author":[{"embeddable":true,"href":"https:\/\/www.davidsandgoliath.cz\/index.php\/wp-json\/wp\/v2\/users\/1"}],"replies":[{"embeddable":true,"href":"https:\/\/www.davidsandgoliath.cz\/index.php\/wp-json\/wp\/v2\/comments?post=731"}],"version-history":[{"count":12,"href":"https:\/\/www.davidsandgoliath.cz\/index.php\/wp-json\/wp\/v2\/pages\/731\/revisions"}],"predecessor-version":[{"id":1042,"href":"https:\/\/www.davidsandgoliath.cz\/index.php\/wp-json\/wp\/v2\/pages\/731\/revisions\/1042"}],"wp:attachment":[{"href":"https:\/\/www.davidsandgoliath.cz\/index.php\/wp-json\/wp\/v2\/media?parent=731"}],"curies":[{"name":"wp","href":"https:\/\/api.w.org\/{rel}","templated":true}]}}