{"id":7,"date":"2021-02-10T12:00:47","date_gmt":"2021-02-10T12:00:47","guid":{"rendered":"http:\/\/www.davidsandgoliath.cz\/?page_id=7"},"modified":"2021-07-22T11:37:40","modified_gmt":"2021-07-22T11:37:40","slug":"home","status":"publish","type":"page","link":"https:\/\/www.davidsandgoliath.cz\/index.php\/en\/home\/","title":{"rendered":"Home"},"content":{"rendered":"\n<h2 class=\"has-text-align-center has-black-color has-white-background-color has-text-color has-background\" style=\"font-size:30px\">            <strong>Comic book historical fiction based on <a href=\"https:\/\/www.davidsandgoliath.cz\/index.php\/en\/comics\/\">a real story&#8230;<\/a><\/strong><\/h2>\n\n\n\n<figure class=\"wp-block-image alignfull size-large is-style-default\"><a href=\"https:\/\/www.davidsandgoliath.cz\/index.php\/en\/crowdfunding\/\"><img loading=\"lazy\" width=\"1024\" height=\"716\" src=\"https:\/\/www.davidsandgoliath.cz\/wp-content\/uploads\/2021\/02\/plakat-komiks-davidove-a-golias-zmenseny-2-1024x716.jpg\" alt=\"\" class=\"wp-image-134\" srcset=\"https:\/\/www.davidsandgoliath.cz\/wp-content\/uploads\/2021\/02\/plakat-komiks-davidove-a-golias-zmenseny-2-1024x716.jpg 1024w, https:\/\/www.davidsandgoliath.cz\/wp-content\/uploads\/2021\/02\/plakat-komiks-davidove-a-golias-zmenseny-2-300x210.jpg 300w, https:\/\/www.davidsandgoliath.cz\/wp-content\/uploads\/2021\/02\/plakat-komiks-davidove-a-golias-zmenseny-2-768x537.jpg 768w, https:\/\/www.davidsandgoliath.cz\/wp-content\/uploads\/2021\/02\/plakat-komiks-davidove-a-golias-zmenseny-2-1536x1075.jpg 1536w, https:\/\/www.davidsandgoliath.cz\/wp-content\/uploads\/2021\/02\/plakat-komiks-davidove-a-golias-zmenseny-2-2048x1433.jpg 2048w\" sizes=\"(max-width: 1024px) 100vw, 1024px\" \/><\/a><\/figure>\n\n\n\n<p class=\"has-white-color has-text-color\">Human rights in China<\/p>\n\n\n\n<h2 class=\"has-text-align-left\"><strong>About the project<\/strong><\/h2>\n\n\n\n<p class=\"has-medium-font-size\">We are a comic book project that seeks to use a popular literary means to draw attention to the mass abuse of prisoners of conscience in China for organ transplants. We want to artfully portray the story of an international investigation based on actual events. What are we trying to change? People&#8217;s indifference to evil, to evoke interest and dispel apathy. What can you change if you support the project? <em><a href=\"https:\/\/www.davidsandgoliath.cz\/index.php\/en\/who-supported-the-project\/\">More&#8230;<\/a><\/em><\/p>\n\n\n\n<div class=\"wp-block-image\"><figure class=\"aligncenter size-large is-resized\"><a href=\"https:\/\/www.davidsandgoliath.cz\/index.php\/en\/crowdfunding\/\"><img loading=\"lazy\" src=\"https:\/\/www.davidsandgoliath.cz\/wp-content\/uploads\/2021\/03\/button-comisc-against-totality-human-rights-in-china-1.png\" alt=\"\" class=\"wp-image-682\" width=\"231\" height=\"79\"\/><\/a><\/figure><\/div>\n\n\n\n<h2><strong>Story line<\/strong><\/h2>\n\n\n\n<p class=\"has-medium-font-size\">We have prepared a script and the first drawings for a comic book, in which more than a dozen characters of real people appear. They have been involved in the investigation of serious crimes in China. Three of them were nominated for the Nobel Peace Prize.<\/p>\n\n\n\n<p class=\"has-medium-font-size\">The story begins in 2006. It follows the fate of a girl who, forced by circumstances, seeks help from an organ transplant provider in a Chinese hospital. She flies to China to receive a heart transplant for a large sum of money. In front of the hospital, she accidentally stumbles into a journalist who is searching for evidence of the secretive H5N1 bird flu epidemic. During the investigation, he discovers a detention camp with several thousand prisoners by chance, which adjoins the hospital.<\/p>\n\n\n\n<p class=\"has-medium-font-size\">A dangerous investigation begins, which reveals an even more dangerous truth. <em><a href=\"https:\/\/www.davidsandgoliath.cz\/index.php\/en\/comics\/\">More&#8230;<\/a><\/em><\/p>\n\n\n\n<h2><strong>Sources<\/strong><\/h2>\n\n\n\n<p class=\"has-medium-font-size\">Below we offer several sources, investigative reports and references dealing with the investigation of cases of abuse of prisoners of conscience in China for organ transplantation:<\/p>\n\n\n\n<p class=\"has-medium-font-size\">\u2026\u2026\u2026\u2026\u2026\u2026\u2026\u2026\u2026..&nbsp;<a rel=\"noreferrer noopener\" href=\"https:\/\/endtransplantabuse.org\/\" target=\"_blank\">ETAC &#8211; International Coalition of Investigators<\/a><\/p>\n\n\n\n<p class=\"has-medium-font-size\">\u2026\u2026\u2026\u2026\u2026\u2026\u2026\u2026\u2026..&nbsp;<a rel=\"noreferrer noopener\" href=\"https:\/\/chinatribunal.com\/\" target=\"_blank\">International Judicial Tribunal in London (2019)<\/a><\/p>\n\n\n\n<p class=\"has-medium-font-size\">\u2026\u2026\u2026\u2026\u2026\u2026\u2026\u2026\u2026..&nbsp;<a rel=\"noreferrer noopener\" href=\"https:\/\/endtransplantabuse.org\/books\/\" target=\"_blank\">Bloody Harvest &#8211; investigative Report (2006-2009)<\/a><\/p>\n\n\n\n<p class=\"has-medium-font-size\">\u2026\u2026\u2026\u2026\u2026\u2026\u2026\u2026\u2026..&nbsp;<a rel=\"noreferrer noopener\" href=\"https:\/\/www.amazon.com\/Slaughter-Killings-Harvesting-Solution-Dissident-ebook\/dp\/B00IHMBO6M\/ref=sr_1_1?dchild=1&amp;keywords=the%20slaughter%20gutmann&amp;qid=1612180513&amp;s=movies-tv&amp;sr=1-1&amp;fbclid=IwAR3e7wML5oOCq2RSrsv3xRIf2ryW2uvkw4uVJfHlwvOZ-O4FsAZ3E8KKjpY\" target=\"_blank\">The Slaughter &#8211; seven years of field research (2014)<\/a><\/p>\n\n\n\n<p class=\"has-medium-font-size\">\u2026\u2026\u2026\u2026\u2026\u2026\u2026\u2026\u2026..&nbsp;<a rel=\"noreferrer noopener\" href=\"https:\/\/endtransplantabuse.org\/an-update\/\" target=\"_blank\">Summary investigative Report &#8211; B.H.S. An Update (2016)<\/a><\/p>\n\n\n\n<p class=\"has-medium-font-size\">\u2026\u2026\u2026\u2026\u2026\u2026\u2026\u2026\u2026..&nbsp;<a rel=\"noreferrer noopener\" href=\"https:\/\/www.chinaorganharvest.org\/global-response\/\" target=\"_blank\">International Response to Investigation Reports &#8211; Summary (COHRC)<\/a><\/p>\n\n\n\n<p class=\"has-white-color has-text-color\">Human rights in China<\/p>\n\n\n\n<div class=\"wp-block-image is-style-default\"><figure class=\"aligncenter size-large is-resized\"><a href=\"https:\/\/www.davidsandgoliath.cz\/index.php\/en\/home\/\"><img src=\"https:\/\/www.davidsandgoliath.cz\/wp-content\/uploads\/2021\/02\/davidove_golias_komiks_cz-logo-4.jpg\" alt=\"\" class=\"wp-image-113\" width=\"100\" srcset=\"https:\/\/www.davidsandgoliath.cz\/wp-content\/uploads\/2021\/02\/davidove_golias_komiks_cz-logo-4.jpg 800w, https:\/\/www.davidsandgoliath.cz\/wp-content\/uploads\/2021\/02\/davidove_golias_komiks_cz-logo-4-300x300.jpg 300w, https:\/\/www.davidsandgoliath.cz\/wp-content\/uploads\/2021\/02\/davidove_golias_komiks_cz-logo-4-150x150.jpg 150w, https:\/\/www.davidsandgoliath.cz\/wp-content\/uploads\/2021\/02\/davidove_golias_komiks_cz-logo-4-768x768.jpg 768w\" sizes=\"(max-width: 800px) 100vw, 800px\" \/><\/a><\/figure><\/div>\n","protected":false},"excerpt":{"rendered":"<p>Comic book historical fiction based on a real story&#8230; Human rights in China About the project We are a comic book project that seeks to use a popular literary means to draw attention to the mass abuse of prisoners of conscience in China for organ transplants. We want to artfully portray the story of an &hellip;<\/p>\n<p class=\"read-more\"> <a class=\"\" href=\"https:\/\/www.davidsandgoliath.cz\/index.php\/en\/home\/\"> <span class=\"screen-reader-text\">Home<\/span> Pokra\u010dovat ve \u010dten\u00ed &raquo;<\/a><\/p>\n","protected":false},"author":1,"featured_media":0,"parent":0,"menu_order":0,"comment_status":"closed","ping_status":"closed","template":"","meta":[],"_links":{"self":[{"href":"https:\/\/www.davidsandgoliath.cz\/index.php\/wp-json\/wp\/v2\/pages\/7"}],"collection":[{"href":"https:\/\/www.davidsandgoliath.cz\/index.php\/wp-json\/wp\/v2\/pages"}],"about":[{"href":"https:\/\/www.davidsandgoliath.cz\/index.php\/wp-json\/wp\/v2\/types\/page"}],"author":[{"embeddable":true,"href":"https:\/\/www.davidsandgoliath.cz\/index.php\/wp-json\/wp\/v2\/users\/1"}],"replies":[{"embeddable":true,"href":"https:\/\/www.davidsandgoliath.cz\/index.php\/wp-json\/wp\/v2\/comments?post=7"}],"version-history":[{"count":60,"href":"https:\/\/www.davidsandgoliath.cz\/index.php\/wp-json\/wp\/v2\/pages\/7\/revisions"}],"predecessor-version":[{"id":1040,"href":"https:\/\/www.davidsandgoliath.cz\/index.php\/wp-json\/wp\/v2\/pages\/7\/revisions\/1040"}],"wp:attachment":[{"href":"https:\/\/www.davidsandgoliath.cz\/index.php\/wp-json\/wp\/v2\/media?parent=7"}],"curies":[{"name":"wp","href":"https:\/\/api.w.org\/{rel}","templated":true}]}}