{"id":10,"date":"2021-02-10T12:01:53","date_gmt":"2021-02-10T12:01:53","guid":{"rendered":"http:\/\/www.davidsandgoliath.cz\/?page_id=10"},"modified":"2021-04-09T07:12:21","modified_gmt":"2021-04-09T07:12:21","slug":"about","status":"publish","type":"page","link":"https:\/\/www.davidsandgoliath.cz\/index.php\/en\/about\/","title":{"rendered":"About us"},"content":{"rendered":"\n<p>      <\/p>\n\n\n\n<p class=\"has-white-color has-text-color\">lidsk\u00e1 pr\u00e1va v \u010c\u00edn\u011b<\/p>\n\n\n\n<h2 class=\"has-text-align-center\"><strong>Who we are<\/strong><\/h2>\n\n\n\n<h3 class=\"has-text-align-center\">We are a group of Czech comic book creators. Our aim is to create a work that responds to current events. We see art as an important tool for commenting on pressing issues and for conveying universal, moral values.<\/h3>\n\n\n\n<h3 class=\"has-text-align-center\">We set out on the path of realistic drawing so that readers could easily get to know the main characters, real destinations, structures and events.<\/h3>\n\n\n\n<p class=\"has-white-color has-text-color\">Lidsk\u00e1 pr\u00e1va v \u010c\u00edn\u011b<\/p>\n\n\n\n<h2><strong>Our motivation<\/strong><\/h2>\n\n\n\n<p class=\"has-medium-font-size\">The prominent Czech writer Karel \u010capek, in his works such as\u00a0<em>Krakatit<\/em>,\u00a0<em>War with the Salamanders\u00a0<\/em>or\u00a0<em>The White Disease<\/em>, made readers uneasy by writing about serious topics and catastrophic scenarios \u2013 rightly so. Not only when looking at history, but above all when looking at current events, we must continue with this incitement. What&#8217;s more, we ourselves have to roll up our sleeves and join the battle.<\/p>\n\n\n\n<h2 class=\"has-text-align-left\"><strong><strong>Why are we doing this?<\/strong><\/strong><\/h2>\n\n\n\n<p class=\"has-medium-font-size\">With this comic, we want to add fuel to the fire of resistance and draw attention to crimes that cannot be tolerated:&nbsp;The abuse of life-saving science and the rise of the Communist Party&#8217;s totalitarian power in China, which has lost all moral impediments.<\/p>\n\n\n\n<p class=\"has-text-align-left has-medium-font-size\">The reasons for creating this comic are basically personal. They are based on our belief that we need to stand up for the values we believe in and, conversely, to actively oppose what we are used to calling &#8222;evil.&#8220;&nbsp;We believe that it is necessary to talk about it, and why not do it through a comic that we love.<\/p>\n\n\n\n<h2 class=\"has-text-align-left\"><strong><strong>What our goal <strong>is<\/strong><\/strong><\/strong><\/h2>\n\n\n\n<p class=\"has-text-align-left has-medium-font-size\">We want to motivate readers to take a greater interest in what is happening in China today\u00a0and the problem of the abuse of transplant surgery in order to liquidate dissidents and monetize their organs.<\/p>\n\n\n\n<h2 class=\"has-text-align-left\"><strong><strong>Main brain behind the project<\/strong><\/strong><\/h2>\n\n\n\n<p class=\"has-text-align-left has-medium-font-size\">The main coordinator and &#8222;engine&#8220; of the whole project is journalist Milan Kaj\u00ednek. A fan of comics, movies and good literature, as well as a long-time China editor, human rights activist and publicist. You can find out more about him on the\u00a0<a href=\"https:\/\/www.epochtimes.cz\/redakce\/sefredaktor-milan-kajinek\/\">profile here<\/a>.<\/p>\n\n\n\n<h2 class=\"has-text-align-left\"><strong><strong>How it began<\/strong><\/strong><\/h2>\n\n\n\n<p class=\"has-medium-font-size\">The idea to create a comic on this topic was conceived several years ago. Favorable conditions for more serious steps did not appear until June 2020, when the first part of the photographic script and the skeleton of a story that could be told in a &#8222;comic book style&#8220; were created quite quickly.<\/p>\n\n\n\n<p class=\"has-medium-font-size\">&#8222;I personally met several people who are depicted in the story during their visit to Prague in 2014. I wrote about them several times in newspaper articles and, as a fan of comics, I naturally projected scripts in my head about their work and thought about how a comic book about their investigation would look,&#8220; says Milan Kaj\u00ednek, project coordinator. &#8222;Comics are such a universal, international language. It is also a medium that is dignified enough to tell important, real stories. That&#8217;s why I opted for it in the end.&#8220;<\/p>\n\n\n\n<h2 class=\"has-text-align-left\"><strong>What can you change if you support us?<\/strong><\/h2>\n\n\n\n<p class=\"has-text-align-left has-medium-font-size\">With your help, we can create comics in Czech, English and Chinese. Your contribution will help to make more people aware of the problem, thereby accelerating the resolution of the unacceptable human rights situation in China.<\/p>\n\n\n\n<h2><strong><strong>What works inspired us<\/strong><\/strong><\/h2>\n\n\n\n<p class=\"has-medium-font-size\"><a href=\"https:\/\/www.albatrosmedia.cz\/tituly\/37186930\/valka-s-mloky\/\">War with salamanders<\/a>&nbsp;&#8211; <em>(Jan \u0160t\u011bp\u00e1nek) 1989<\/em><\/p>\n\n\n\n<p class=\"has-medium-font-size\"><a href=\"https:\/\/www.kosmas.cz\/knihy\/106172\/arnal-a-dva-draci-zuby\/\">Arnal<\/a> &#8211; <em>(Ond\u0159ej Neff a&nbsp;K\u00e1ja Saudek) 2002<\/em><\/p>\n\n\n\n<p class=\"has-medium-font-size\"><a href=\"https:\/\/www.imdb.com\/title\/tt1185616\/reference\">Waltz with Bashir<\/a>&nbsp;&#8211; <em>(Ari Folman) 2008<\/em><\/p>\n\n\n\n<p class=\"has-medium-font-size\"><a href=\"https:\/\/www.amazon.com\/Holmes-1854-1891-dame-Scutari\/dp\/2754809155\">Holmes: La Dame de Scutari<\/a>&nbsp;<em>(Cecil &amp; Bruncschwig) 2016<\/em><\/p>\n\n\n\n<p class=\"has-medium-font-size\"><a href=\"https:\/\/www.amazon.com\/Gotham-Central-Book-Line-Duty\/dp\/1401220371\">Gotham Central<\/a>&nbsp;<em>(Ed Brubaker and Greg Rucka) 2016<\/em><\/p>\n\n\n\n<p class=\"has-medium-font-size\"><a href=\"http:\/\/fanyapes.cz\/index.html\">Fany a pes<\/a>&nbsp;&#8211; <em>(Matthias Bruhn, Ralf Kukula) 2019<\/em><\/p>\n\n\n\n<h2 class=\"has-text-align-left\"><strong>Question marks over China&#8217;s transplant industry<\/strong><\/h2>\n\n\n\n<p class=\"has-medium-font-size\">Since 1999, the transplant industry has been experiencing unprecedented development throughout China. From a few dozen transplant centers, the number has grown to the several hundred that exist today.&nbsp;<a href=\"http:\/\/endtransplantabuse.org\/an-update\/\">According to research<\/a>, their minimum annual turnover is 60,000 transplants.<\/p>\n\n\n\n<p class=\"has-medium-font-size\">The questions posed by the massive development of the transplant industry in China are also the main topic of our comics.<\/p>\n\n\n\n<p class=\"has-medium-font-size\">Where do the large number of organs come from, who are their &#8222;donors&#8220;, why do hospitals keep their identities secret? And how is it possible that they provide vital organs within 14 days and transplant them on pre-arranged dates?<\/p>\n\n\n\n<p class=\"has-medium-font-size\">Investigators have come across statements from former political prisoners that selected groups of detained dissidents are forced to undergo medical examinations, which are strikingly reminiscent of examinations of organ donors before transplantation. Such political prisoners then&nbsp;<a href=\"https:\/\/www.theepochtimes.com\/c-organ-harvesting-in-china\">disappear without a trace<\/a>&nbsp;from their cells.<\/p>\n\n\n\n<h2><strong>The factual sources on which we rely<\/strong><\/h2>\n\n\n\n<p class=\"has-medium-font-size\">Below we offer several sources, investigative reports and references dealing with the investigation of cases of abuse of prisoners of conscience in China for organ transplantation:<\/p>\n\n\n\n<p class=\"has-medium-font-size\"><a rel=\"noreferrer noopener\" href=\"https:\/\/endtransplantabuse.org\/\" target=\"_blank\">ETAC \u2013 International Coalition of Investigators<\/a><\/p>\n\n\n\n<p class=\"has-medium-font-size\"><a rel=\"noreferrer noopener\" href=\"https:\/\/chinatribunal.com\/\" target=\"_blank\">International Judicial Tribunal in London (2019)<\/a><\/p>\n\n\n\n<p class=\"has-medium-font-size\"><a rel=\"noreferrer noopener\" href=\"https:\/\/endtransplantabuse.org\/books\/\" target=\"_blank\">Bloody Harvest \u2013 investigative Report (2006-2009)<\/a><\/p>\n\n\n\n<p class=\"has-medium-font-size\"><a rel=\"noreferrer noopener\" href=\"https:\/\/www.amazon.com\/Slaughter-Killings-Harvesting-Solution-Dissident-ebook\/dp\/B00IHMBO6M\/ref=sr_1_1?dchild=1&amp;keywords=the%20slaughter%20gutmann&amp;qid=1612180513&amp;s=movies-tv&amp;sr=1-1&amp;fbclid=IwAR3e7wML5oOCq2RSrsv3xRIf2ryW2uvkw4uVJfHlwvOZ-O4FsAZ3E8KKjpY\" target=\"_blank\">The Slaughter \u2013 seven years of field research (2014)<\/a><\/p>\n\n\n\n<p class=\"has-medium-font-size\"><a rel=\"noreferrer noopener\" href=\"https:\/\/endtransplantabuse.org\/an-update\/\" target=\"_blank\">Summary investigative Report \u2013 B.H.S. An Update (2016)<\/a><\/p>\n\n\n\n<p class=\"has-medium-font-size\"><a rel=\"noreferrer noopener\" href=\"https:\/\/www.chinaorganharvest.org\/global-response\/\" target=\"_blank\">International Response to Investigation Reports \u2013 Summary (COHRC)<\/a><\/p>\n\n\n\n<p>    <\/p>\n\n\n\n<div class=\"wp-block-image is-style-default\"><figure class=\"aligncenter size-large is-resized\"><a href=\"https:\/\/www.davidsandgoliath.cz\/index.php\/en\/about\/\"><img loading=\"lazy\" src=\"https:\/\/www.davidsandgoliath.cz\/wp-content\/uploads\/2021\/02\/davidove_golias_komiks_cz-logo-5.jpg\" alt=\"\" class=\"wp-image-170\" width=\"100\" height=\"100\" srcset=\"https:\/\/www.davidsandgoliath.cz\/wp-content\/uploads\/2021\/02\/davidove_golias_komiks_cz-logo-5.jpg 800w, https:\/\/www.davidsandgoliath.cz\/wp-content\/uploads\/2021\/02\/davidove_golias_komiks_cz-logo-5-300x300.jpg 300w, https:\/\/www.davidsandgoliath.cz\/wp-content\/uploads\/2021\/02\/davidove_golias_komiks_cz-logo-5-150x150.jpg 150w, https:\/\/www.davidsandgoliath.cz\/wp-content\/uploads\/2021\/02\/davidove_golias_komiks_cz-logo-5-768x768.jpg 768w\" sizes=\"(max-width: 100px) 100vw, 100px\" \/><\/a><\/figure><\/div>\n","protected":false},"excerpt":{"rendered":"<p>lidsk\u00e1 pr\u00e1va v \u010c\u00edn\u011b Who we are We are a group of Czech comic book creators. Our aim is to create a work that responds to current events. We see art as an important tool for commenting on pressing issues and for conveying universal, moral values. We set out on the path of realistic drawing &hellip;<\/p>\n<p class=\"read-more\"> <a class=\"\" href=\"https:\/\/www.davidsandgoliath.cz\/index.php\/en\/about\/\"> <span class=\"screen-reader-text\">About us<\/span> Pokra\u010dovat ve \u010dten\u00ed &raquo;<\/a><\/p>\n","protected":false},"author":1,"featured_media":0,"parent":0,"menu_order":0,"comment_status":"closed","ping_status":"closed","template":"","meta":[],"_links":{"self":[{"href":"https:\/\/www.davidsandgoliath.cz\/index.php\/wp-json\/wp\/v2\/pages\/10"}],"collection":[{"href":"https:\/\/www.davidsandgoliath.cz\/index.php\/wp-json\/wp\/v2\/pages"}],"about":[{"href":"https:\/\/www.davidsandgoliath.cz\/index.php\/wp-json\/wp\/v2\/types\/page"}],"author":[{"embeddable":true,"href":"https:\/\/www.davidsandgoliath.cz\/index.php\/wp-json\/wp\/v2\/users\/1"}],"replies":[{"embeddable":true,"href":"https:\/\/www.davidsandgoliath.cz\/index.php\/wp-json\/wp\/v2\/comments?post=10"}],"version-history":[{"count":33,"href":"https:\/\/www.davidsandgoliath.cz\/index.php\/wp-json\/wp\/v2\/pages\/10\/revisions"}],"predecessor-version":[{"id":841,"href":"https:\/\/www.davidsandgoliath.cz\/index.php\/wp-json\/wp\/v2\/pages\/10\/revisions\/841"}],"wp:attachment":[{"href":"https:\/\/www.davidsandgoliath.cz\/index.php\/wp-json\/wp\/v2\/media?parent=10"}],"curies":[{"name":"wp","href":"https:\/\/api.w.org\/{rel}","templated":true}]}}